{"id":232,"date":"2016-12-28T15:57:34","date_gmt":"2016-12-28T15:57:34","guid":{"rendered":"http:\/\/luxurywine.dv.axiomthemes.com\/?page_id=232"},"modified":"2024-06-07T09:51:30","modified_gmt":"2024-06-07T07:51:30","slug":"tenuta-barac","status":"publish","type":"page","link":"https:\/\/wines.baracshop.it\/fr\/tenuta-barac\/","title":{"rendered":"Tenuta Barac"},"content":{"rendered":"<div data-vc-full-width=\"true\" data-vc-full-width-init=\"false\" data-vc-stretch-content=\"true\" class=\"vc_row wpb_row vc_row-fluid vc_column-gap-1 vc_row-no-padding scheme_dark\"><div class=\"wpb_column vc_column_container vc_col-sm-12 sc_layouts_column_icons_position_left\"><div class=\"vc_column-inner\"><div class=\"wpb_wrapper\"><div class=\"vc_row wpb_row vc_inner vc_row-fluid\"><div class=\"wpb_column vc_column_container vc_col-sm-12 sc_layouts_column_icons_position_left\"><div class=\"vc_column-inner\"><div class=\"wpb_wrapper\">\n\t<div class=\"wpb_video_widget wpb_content_element vc_clearfix   vc_video-aspect-ratio-169 vc_video-el-width-100 vc_video-align-center\" >\n\t\t<div class=\"wpb_wrapper\">\n\t\t\t\n\t\t\t<div class=\"wpb_video_wrapper\"><iframe loading=\"lazy\" title=\"Tenuta Barac\" src=\"https:\/\/player.vimeo.com\/video\/718604590?h=edfee391ad&amp;dnt=1&amp;app_id=122963\" width=\"1170\" height=\"658\" frameborder=\"0\" allow=\"autoplay; fullscreen; picture-in-picture\" allowfullscreen><\/iframe><\/div>\n\t\t<\/div>\n\t<\/div>\n<\/div><\/div><\/div><\/div><\/div><\/div><\/div><\/div><div class=\"vc_row-full-width vc_clearfix\"><\/div><div class=\"vc_row wpb_row vc_row-fluid\"><div class=\"wpb_column vc_column_container vc_col-sm-12 sc_layouts_column_icons_position_left\"><div class=\"vc_column-inner\"><div class=\"wpb_wrapper\"><div class=\"vc_empty_space\"   style=\"height: 10.1em\"><span class=\"vc_empty_space_inner\"><\/span><\/div><div class=\"vc_row wpb_row vc_inner vc_row-fluid\"><div class=\"wpb_column vc_column_container vc_col-sm-6 sc_layouts_column_icons_position_left\"><div class=\"vc_column-inner\"><div class=\"wpb_wrapper\">\n\t<div class=\"wpb_text_column wpb_content_element  custom_text_1\" >\n\t\t<div class=\"wpb_wrapper\">\n\t\t\t<p class=\"p1 translation-block\" style=\"text-align: right;\"><strong>Bar\u00e0c<\/strong> est un domaine d'une rare beaut\u00e9, situ\u00e9 au c\u0153ur des Langhe pi\u00e9montaises, \u00e0 proximit\u00e9 de la ville m\u00e9di\u00e9vale historique d'Alba, dans le hameau de San Rocco Seno d'Elvio.<br>\nLe domaine s'\u00e9tend sur plus de 25 hectares, dont 12 hectares de vignes en agriculture biologique.<br>\nLe domaine se caract\u00e9rise par une magnifique ferme du d\u00e9but du XXe si\u00e8cle, ayant fait l'objet d'une importante r\u00e9novation historique et architecturale. La propri\u00e9t\u00e9 est situ\u00e9e au c\u0153ur des collines de Barbaresco. Les vignobles environnants sont inscrits au patrimoine mondial de l'UNESCO et font partie de l'une des r\u00e9gions viticoles les plus r\u00e9put\u00e9es d'Italie.<\/p>\n\n\t\t<\/div>\n\t<\/div>\n<\/div><\/div><\/div><div class=\"wpb_column vc_column_container vc_col-sm-6 sc_layouts_column_icons_position_left\"><div class=\"vc_column-inner\"><div class=\"wpb_wrapper\">\n\t<div class=\"wpb_text_column wpb_content_element\" >\n\t\t<div class=\"wpb_wrapper\">\n\t\t\t<p class=\"p1 translation-block\" style=\"text-align: left;\">The Langhe is a varied land with a long winemaking tradition that can now boast a large number of DOC and DOCG wines. Langhe are known as one of the most prized territories in Italy for its vineyards.<br>\r\nWines whose fame has always extended beyond the borders of the peninsula such as Barbera d\u2019Alba, Langhe Nebbiolo, Barbaresco and Barolo. We have been able to identify the value of this area by seizing the great opportunity to highlight the wines of this territory.<br>\r\nWe are located only 5 km from the historic city centre of Alba, in the hamlet of San Rocco Seno d\u2019Elvio N\u00b040. We are easily accessible by car and we have free parking.<\/p>\n\n\t\t<\/div>\n\t<\/div>\n<\/div><\/div><\/div><\/div><div class=\"vc_empty_space\"   style=\"height: 10.1em\"><span class=\"vc_empty_space_inner\"><\/span><\/div><div class=\"vc_row wpb_row vc_inner vc_row-fluid\"><div class=\"wpb_column vc_column_container vc_col-sm-12 sc_layouts_column_icons_position_left\"><div class=\"vc_column-inner\"><div class=\"wpb_wrapper\"><div id=\"sc_title_981682807\"\r\n\t\tclass=\"sc_title sc_title_default\"><h6 class=\"sc_item_subtitle sc_title_subtitle sc_align_center sc_item_title_style_default\">\u00c0 partir de 2020<\/h6><h3 class=\"sc_item_title sc_title_title sc_align_center sc_item_title_style_default\">FERME CERTIFI\u00c9E BIOLOGIQUE<\/h3><\/div><!-- \/.sc_title --><div class=\"vc_empty_space\"   style=\"height: 6em\"><span class=\"vc_empty_space_inner\"><\/span><\/div>\n\t<div class=\"wpb_text_column wpb_content_element  custom_text_1\" >\n\t\t<div class=\"wpb_wrapper\">\n\t\t\t<p style=\"text-align: center;\" class=\"translation-block\">Since 2020, Tenuta Bar\u00e0c has been a certified organic winery, dedicating its production philosophy to the values of natural vineyard management and the absolute health of the winemaking process.<br>\r\nIn the vineyards, vines are cultivated without the aid of synthetic chemical substances (fertilisers, herbicides, fungicides, insecticides, pesticides) and without the use of genetically modified organisms. While in the cellar, winemaking is carried out using only oenological products and processes authorised by European regulations.<br>\r\nIn this way all the aromas, perfumes and character of the Langhe, which part of a land cultivated with passion and wisdom, emerge in our wines following the voice of nature.<\/p>\n\n\t\t<\/div>\n\t<\/div>\n<div class=\"vc_empty_space\"   style=\"height: 10.1em\"><span class=\"vc_empty_space_inner\"><\/span><\/div><\/div><\/div><\/div><\/div><div class=\"vc_row wpb_row vc_inner vc_row-fluid\"><div class=\"wpb_column vc_column_container vc_col-sm-3 sc_layouts_column_icons_position_left\"><div class=\"vc_column-inner\"><div class=\"wpb_wrapper\"><\/div><\/div><\/div><div class=\"wpb_column vc_column_container vc_col-sm-3 sc_layouts_column_icons_position_left\"><div class=\"vc_column-inner\"><div class=\"wpb_wrapper\">\n\t<div  class=\"wpb_single_image wpb_content_element vc_align_right\">\n\t\t\n\t\t<figure class=\"wpb_wrapper vc_figure\">\n\t\t\t<div class=\"vc_single_image-wrapper   vc_box_border_grey\"><img loading=\"lazy\" decoding=\"async\" width=\"400\" height=\"100\" src=\"https:\/\/wines.baracshop.it\/wp-content\/uploads\/2022\/06\/Tenuta_Barac_experience.jpg\" class=\"vc_single_image-img attachment-full\" alt=\"\" title=\"Tenuta_Barac_experience\" srcset=\"https:\/\/wines.baracshop.it\/wp-content\/uploads\/2022\/06\/Tenuta_Barac_experience.jpg 400w, https:\/\/wines.baracshop.it\/wp-content\/uploads\/2022\/06\/Tenuta_Barac_experience-300x75.jpg 300w, https:\/\/wines.baracshop.it\/wp-content\/uploads\/2022\/06\/Tenuta_Barac_experience-370x93.jpg 370w, https:\/\/wines.baracshop.it\/wp-content\/uploads\/2022\/06\/Tenuta_Barac_experience-396x100.jpg 396w\" sizes=\"auto, (max-width: 400px) 100vw, 400px\" \/><\/div>\n\t\t<\/figure>\n\t<\/div>\n<\/div><\/div><\/div><div class=\"wpb_column vc_column_container vc_col-sm-3 sc_layouts_column_icons_position_left\"><div class=\"vc_column-inner\"><div class=\"wpb_wrapper\">\n\t<div  class=\"wpb_single_image wpb_content_element vc_align_right\">\n\t\t\n\t\t<figure class=\"wpb_wrapper vc_figure\">\n\t\t\t<div class=\"vc_single_image-wrapper   vc_box_border_grey\"><img loading=\"lazy\" decoding=\"async\" class=\"vc_single_image-img\" src=\"https:\/\/wines.baracshop.it\/wp-content\/uploads\/2022\/06\/Tenuta_Barac_bio.jpg\" width=\"198\" height=\"100\" alt=\"Tenuta_Barac_bio\" title=\"Tenuta_Barac_bio\" \/><\/div>\n\t\t<\/figure>\n\t<\/div>\n<\/div><\/div><\/div><div class=\"wpb_column vc_column_container vc_col-sm-3 sc_layouts_column_icons_position_left\"><div class=\"vc_column-inner\"><div class=\"wpb_wrapper\"><\/div><\/div><\/div><\/div><div class=\"vc_empty_space\"   style=\"height: 10.1em\"><span class=\"vc_empty_space_inner\"><\/span><\/div><\/div><\/div><\/div><\/div><div data-vc-full-width=\"true\" data-vc-full-width-init=\"false\" class=\"vc_row wpb_row vc_row-fluid vc_custom_1654679746980 vc_row-has-fill scheme_dark\"><div class=\"wpb_column vc_column_container vc_col-sm-12 sc_layouts_column_icons_position_left\"><div class=\"vc_column-inner\"><div class=\"wpb_wrapper\"><div class=\"vc_empty_space\"   style=\"height: 45.8em\"><span class=\"vc_empty_space_inner\"><\/span><\/div><div class=\"vc_empty_space\"   style=\"height: 11.8em\"><span class=\"vc_empty_space_inner\"><\/span><\/div><\/div><\/div><\/div><\/div><div class=\"vc_row-full-width vc_clearfix\"><\/div><div class=\"vc_row wpb_row vc_row-fluid\"><div class=\"wpb_column vc_column_container vc_col-sm-12 sc_layouts_column_icons_position_left\"><div class=\"vc_column-inner\"><div class=\"wpb_wrapper\"><div class=\"vc_empty_space\"   style=\"height: 10.1em\"><span class=\"vc_empty_space_inner\"><\/span><\/div><div class=\"vc_row wpb_row vc_inner vc_row-fluid\"><div class=\"wpb_column vc_column_container vc_col-sm-6 sc_layouts_column_icons_position_left\"><div class=\"vc_column-inner\"><div class=\"wpb_wrapper\">\n\t<div  class=\"wpb_single_image wpb_content_element vc_align_left\">\n\t\t\n\t\t<figure class=\"wpb_wrapper vc_figure\">\n\t\t\t<div class=\"vc_single_image-wrapper   vc_box_border_grey\"><img loading=\"lazy\" decoding=\"async\" width=\"1600\" height=\"1117\" src=\"https:\/\/wines.baracshop.it\/wp-content\/uploads\/2022\/06\/tenuta-barac-wine-tour.jpg\" class=\"vc_single_image-img attachment-full\" alt=\"\" title=\"tenuta-barac-wine-tour\" srcset=\"https:\/\/wines.baracshop.it\/wp-content\/uploads\/2022\/06\/tenuta-barac-wine-tour.jpg 1600w, https:\/\/wines.baracshop.it\/wp-content\/uploads\/2022\/06\/tenuta-barac-wine-tour-600x419.jpg 600w, https:\/\/wines.baracshop.it\/wp-content\/uploads\/2022\/06\/tenuta-barac-wine-tour-300x209.jpg 300w, https:\/\/wines.baracshop.it\/wp-content\/uploads\/2022\/06\/tenuta-barac-wine-tour-1024x715.jpg 1024w, https:\/\/wines.baracshop.it\/wp-content\/uploads\/2022\/06\/tenuta-barac-wine-tour-768x536.jpg 768w, https:\/\/wines.baracshop.it\/wp-content\/uploads\/2022\/06\/tenuta-barac-wine-tour-1536x1072.jpg 1536w, https:\/\/wines.baracshop.it\/wp-content\/uploads\/2022\/06\/tenuta-barac-wine-tour-370x258.jpg 370w, https:\/\/wines.baracshop.it\/wp-content\/uploads\/2022\/06\/tenuta-barac-wine-tour-760x531.jpg 760w\" sizes=\"auto, (max-width: 1600px) 100vw, 1600px\" \/><\/div>\n\t\t<\/figure>\n\t<\/div>\n<\/div><\/div><\/div><div class=\"wpb_column vc_column_container vc_col-sm-6 sc_layouts_column_icons_position_left\"><div class=\"vc_column-inner\"><div class=\"wpb_wrapper\"><div id=\"sc_title_1726774422\"\r\n\t\tclass=\"sc_title sc_title_default\"><h6 class=\"sc_item_subtitle sc_title_subtitle sc_align_default sc_item_title_style_default\">EXP\u00c9RIENCE<\/h6><h3 class=\"sc_item_title sc_title_title sc_align_default sc_item_title_style_default\">D\u00c9GUSTATIONS \/ VISITES DE VINS<\/h3><\/div><!-- \/.sc_title --><div class=\"vc_empty_space\"   style=\"height: 2.5em\"><span class=\"vc_empty_space_inner\"><\/span><\/div>\n\t<div class=\"wpb_text_column wpb_content_element\" >\n\t\t<div class=\"wpb_wrapper\">\n\t\t\t<p class=\"p1 translation-block\" style=\"text-align: left;\">La Tenuta Bar\u00e0c propose un itin\u00e9raire \u00e0 la d\u00e9couverte du vin des Langhe, compos\u00e9 d'une s\u00e9lection rigoureuse de vins issus de l'agriculture raisonn\u00e9e et du projet \u00ab\u00a0Green Experience\u00a0\u00bb, sans oublier ceux qui ont marqu\u00e9 l'histoire de l'\u0153nologie dans cette r\u00e9gion extraordinaire.\n\nLes d\u00e9gustations se d\u00e9roulent dans les caves o\u00f9 technologie et tradition cohabitent dans un environnement frais et \u00e9vocateur. Notre \u00ab\u00a0Expert en Vin\u00a0\u00bb guide ce \u00ab\u00a0voyage \u0153nologique\u00a0\u00bb, toujours d\u00e9sireux de raconter non seulement les vins, mais aussi leurs histoires.<\/p>\n\n\t\t<\/div>\n\t<\/div>\n<div class=\"vc_empty_space\"   style=\"height: 2.4em\"><span class=\"vc_empty_space_inner\"><\/span><\/div><div class=\"vc_btn3-container vc_btn3-inline\" ><a class=\"vc_general vc_btn3 vc_btn3-size-lg vc_btn3-shape-square vc_btn3-style-classic vc_btn3-color-juicy-pink\" href=\"https:\/\/www.barac.it\/en\/experience\/vineyard-tour\/\" title=\"\" target=\"_blank\">R\u00e9servez une d\u00e9gustation<\/a><\/div><\/div><\/div><\/div><\/div><div class=\"vc_empty_space\"   style=\"height: 10.1em\"><span class=\"vc_empty_space_inner\"><\/span><\/div><\/div><\/div><\/div><\/div><div class=\"vc_row wpb_row vc_row-fluid\"><div class=\"wpb_column vc_column_container vc_col-sm-12 sc_layouts_column_icons_position_left\"><div class=\"vc_column-inner\"><div class=\"wpb_wrapper\"><div class=\"vc_empty_space\"   style=\"height: 9.8em\"><span class=\"vc_empty_space_inner\"><\/span><\/div><\/div><\/div><\/div><\/div><div data-vc-full-width=\"true\" data-vc-full-width-init=\"false\" class=\"vc_row wpb_row vc_row-fluid vc_custom_1654681021432 vc_row-o-equal-height vc_row-o-content-middle vc_row-flex\"><div class=\"wpb_column vc_column_container vc_col-sm-12 vc_col-lg-4 vc_col-md-4 vc_col-has-fill sc_layouts_column_icons_position_left\"><div class=\"vc_column-inner vc_custom_1654680853616\"><div class=\"wpb_wrapper\"><div class=\"vc_empty_space\"   style=\"height: 10.1em\"><span class=\"vc_empty_space_inner\"><\/span><\/div><\/div><\/div><\/div><div class=\"wpb_column vc_column_container vc_col-sm-6 vc_col-lg-4 vc_col-md-4 vc_col-has-fill sc_layouts_column_icons_position_left scheme_dark\"><div class=\"vc_column-inner vc_custom_1485811538544\"><div class=\"wpb_wrapper\"><div class=\"vc_empty_space\"   style=\"height: 6em\"><span class=\"vc_empty_space_inner\"><\/span><\/div>\n\t<div  class=\"wpb_single_image wpb_content_element vc_align_center\">\n\t\t\n\t\t<figure class=\"wpb_wrapper vc_figure\">\n\t\t\t<div class=\"vc_single_image-wrapper   vc_box_border_grey\"><img loading=\"lazy\" decoding=\"async\" width=\"74\" height=\"96\" src=\"https:\/\/wines.baracshop.it\/wp-content\/uploads\/2016\/12\/img_1.png\" class=\"vc_single_image-img attachment-full\" alt=\"\" title=\"img_1\" \/><\/div>\n\t\t<\/figure>\n\t<\/div>\n<div class=\"vc_empty_space\"   style=\"height: 1.8em\"><span class=\"vc_empty_space_inner\"><\/span><\/div>\n\t<div class=\"wpb_text_column wpb_content_element  vc_custom_1701067955469\" >\n\t\t<div class=\"wpb_wrapper\">\n\t\t\t<p style=\"text-align: center;\"><big>Nous vinifions uniquement des raisins produits dans nos propres vignobles.<\/big><\/p>\n\n\t\t<\/div>\n\t<\/div>\n<div class=\"vc_empty_space\"   style=\"height: 6em\"><span class=\"vc_empty_space_inner\"><\/span><\/div><\/div><\/div><\/div><div class=\"wpb_column vc_column_container vc_col-sm-6 vc_col-lg-4 vc_col-md-4 vc_col-has-fill sc_layouts_column_icons_position_left\"><div class=\"vc_column-inner vc_custom_1654760964852\"><div class=\"wpb_wrapper\"><div class=\"vc_empty_space\"   style=\"height: 10.1em\"><span class=\"vc_empty_space_inner\"><\/span><\/div><\/div><\/div><\/div><\/div><div class=\"vc_row-full-width vc_clearfix\"><\/div><div class=\"vc_row wpb_row vc_row-fluid\"><div class=\"wpb_column vc_column_container vc_col-sm-12 sc_layouts_column_icons_position_left\"><div class=\"vc_column-inner\"><div class=\"wpb_wrapper\"><div class=\"vc_empty_space\"   style=\"height: 10em\"><span class=\"vc_empty_space_inner\"><\/span><\/div><div class=\"vc_row wpb_row vc_inner vc_row-fluid\"><div class=\"wpb_column vc_column_container vc_col-sm-4 sc_layouts_column_icons_position_left\"><div class=\"vc_column-inner\"><div class=\"wpb_wrapper\"><div id=\"sc_skills_470185117\"\r\n\t\tclass=\"sc_skills sc_skills_counter\"\r\n\t\t\t\tdata-type=\"counter\"\r\n\t\t><div class=\"sc_skills_column trx_addons_column-1_1\"><div class=\"sc_skills_item_wrap\"><div class=\"sc_skills_item\"><div class=\"sc_skills_total\" data-start=\"0\" data-stop=\"1\" data-step=\"1\" data-max=\"100\" data-speed=\"22\" data-duration=\"22\" data-ed=\"\">0<\/div><\/div><div class=\"sc_skills_item_subtitle\">Tenuta<\/div><h4 class=\"sc_skills_item_title\">domaine agricole du 20e si\u00e8cle<\/h4><\/div><\/div><\/div><div class=\"vc_empty_space\"   style=\"height: 0.8em\"><span class=\"vc_empty_space_inner\"><\/span><\/div><\/div><\/div><\/div><div class=\"wpb_column vc_column_container vc_col-sm-4 sc_layouts_column_icons_position_left\"><div class=\"vc_column-inner\"><div class=\"wpb_wrapper\"><div id=\"sc_skills_219883799\"\r\n\t\tclass=\"sc_skills sc_skills_counter\"\r\n\t\t\t\tdata-type=\"counter\"\r\n\t\t><div class=\"sc_skills_column trx_addons_column-1_1\"><div class=\"sc_skills_item_wrap\"><div class=\"sc_skills_item\"><div class=\"sc_skills_total\" data-start=\"0\" data-stop=\"25\" data-step=\"1\" data-max=\"100\" data-speed=\"24\" data-duration=\"600\" data-ed=\"\">0<\/div><\/div><div class=\"sc_skills_item_subtitle\">hectares <\/div><h4 class=\"sc_skills_item_title\">de propri\u00e9t\u00e9<\/h4><\/div><\/div><\/div><div class=\"vc_empty_space\"   style=\"height: 0.8em\"><span class=\"vc_empty_space_inner\"><\/span><\/div><\/div><\/div><\/div><div class=\"wpb_column vc_column_container vc_col-sm-4 sc_layouts_column_icons_position_left\"><div class=\"vc_column-inner\"><div class=\"wpb_wrapper\"><div id=\"sc_skills_1121394162\"\r\n\t\tclass=\"sc_skills sc_skills_counter\"\r\n\t\t\t\tdata-type=\"counter\"\r\n\t\t><div class=\"sc_skills_column trx_addons_column-1_1\"><div class=\"sc_skills_item_wrap\"><div class=\"sc_skills_item\"><div class=\"sc_skills_total\" data-start=\"0\" data-stop=\"12\" data-step=\"1\" data-max=\"100\" data-speed=\"26\" data-duration=\"312\" data-ed=\"\">0<\/div><\/div><div class=\"sc_skills_item_subtitle\">hectares<\/div><h4 class=\"sc_skills_item_title\">de vignobles g\u00e9r\u00e9s biologiquement<\/h4><\/div><\/div><\/div><div class=\"vc_empty_space\"   style=\"height: 0.8em\"><span class=\"vc_empty_space_inner\"><\/span><\/div><\/div><\/div><\/div><\/div><div class=\"vc_empty_space\"   style=\"height: 10em\"><span class=\"vc_empty_space_inner\"><\/span><\/div><\/div><\/div><\/div><\/div><div data-vc-full-width=\"true\" data-vc-full-width-init=\"false\" class=\"vc_row wpb_row vc_row-fluid vc_custom_1654679688627 vc_row-has-fill scheme_dark\"><div class=\"wpb_column vc_column_container vc_col-sm-12 sc_layouts_column_icons_position_left\"><div class=\"vc_column-inner\"><div class=\"wpb_wrapper\"><div class=\"vc_empty_space\"   style=\"height: 45em\"><span class=\"vc_empty_space_inner\"><\/span><\/div><\/div><\/div><\/div><\/div><div class=\"vc_row-full-width vc_clearfix\"><\/div><div data-vc-full-width=\"true\" data-vc-full-width-init=\"false\" class=\"vc_row wpb_row vc_row-fluid vc_custom_1656403050972 vc_row-has-fill\"><div class=\"wpb_column vc_column_container vc_col-sm-12 sc_layouts_column_icons_position_left\"><div class=\"vc_column-inner\"><div class=\"wpb_wrapper\"><div class=\"vc_empty_space\"   style=\"height: 5.5em\"><span class=\"vc_empty_space_inner\"><\/span><\/div><div class=\"vc_row wpb_row vc_inner vc_row-fluid vc_row-o-content-middle vc_row-flex scheme_dark\"><div class=\"wpb_column vc_column_container vc_col-sm-4 sc_layouts_column_icons_position_left\"><div class=\"vc_column-inner\"><div class=\"wpb_wrapper\">\n\t<div class=\"wpb_text_column wpb_content_element\" >\n\t\t<div class=\"wpb_wrapper\">\n\t\t\t<h2>Inscrivez-vous \u00e0 la newsletter<\/h2>\n\n\t\t<\/div>\n\t<\/div>\n<div class=\"vc_empty_space\"   style=\"height: 1em\"><span class=\"vc_empty_space_inner\"><\/span><\/div><\/div><\/div><\/div><div class=\"wpb_column vc_column_container vc_col-sm-5 sc_layouts_column_icons_position_left\"><div class=\"vc_column-inner\"><div class=\"wpb_wrapper\">\n\t<div class=\"wpb_text_column wpb_content_element\" >\n\t\t<div class=\"wpb_wrapper\">\n\t\t\t<p>Nous vous enverrons des communications, des promotions et des surprises !<\/p>\n\n\t\t<\/div>\n\t<\/div>\n<div class=\"vc_empty_space\"   style=\"height: 1em\"><span class=\"vc_empty_space_inner\"><\/span><\/div><\/div><\/div><\/div><div class=\"wpb_column vc_column_container vc_col-sm-3 sc_layouts_column_icons_position_left\"><div class=\"vc_column-inner\"><div class=\"wpb_wrapper\"><div class=\"sc_item_button sc_button_wrap sc_align_right\"><a href=\"https:\/\/wines.baracshop.it\/fr\/contact-us\/\" id=\"sc_button_1229421354\" class=\"sc_button sc_button_simple sc_button_size_normal sc_button_icon_left\"><span class=\"sc_button_icon\"><span class=\"icon-mail-empty\"><\/span><\/span><span class=\"sc_button_text\"><span class=\"sc_button_title\">s'abonner<\/span><\/span><!-- \/.sc_button_text --><\/a><!-- \/.sc_button --><\/div><!-- \/.sc_item_button --><div class=\"vc_empty_space\"   style=\"height: 1em\"><span class=\"vc_empty_space_inner\"><\/span><\/div><\/div><\/div><\/div><\/div><div class=\"vc_empty_space\"   style=\"height: 4.5em\"><span class=\"vc_empty_space_inner\"><\/span><\/div><\/div><\/div><\/div><\/div><div class=\"vc_row-full-width vc_clearfix\"><\/div>","protected":false},"excerpt":{"rendered":"Bar\u00e0c is an estate of rare beauty, situated in the heart of the Piedmonte\u2019s Langhe and is located a short distance from the historic medieval town of Alba in the hamlet of San Rocco Seno d'Elvio. The estate consists of over 25 hectares, 12 of which are vineyards where organic farming is practised. The estate is characterised by a beautiful&hellip;","protected":false},"author":1,"featured_media":0,"parent":0,"menu_order":0,"comment_status":"closed","ping_status":"closed","template":"","meta":{"footnotes":""},"class_list":["post-232","page","type-page","status-publish","hentry"],"aioseo_notices":[],"_links":{"self":[{"href":"https:\/\/wines.baracshop.it\/fr\/wp-json\/wp\/v2\/pages\/232","targetHints":{"allow":["GET"]}}],"collection":[{"href":"https:\/\/wines.baracshop.it\/fr\/wp-json\/wp\/v2\/pages"}],"about":[{"href":"https:\/\/wines.baracshop.it\/fr\/wp-json\/wp\/v2\/types\/page"}],"author":[{"embeddable":true,"href":"https:\/\/wines.baracshop.it\/fr\/wp-json\/wp\/v2\/users\/1"}],"replies":[{"embeddable":true,"href":"https:\/\/wines.baracshop.it\/fr\/wp-json\/wp\/v2\/comments?post=232"}],"version-history":[{"count":70,"href":"https:\/\/wines.baracshop.it\/fr\/wp-json\/wp\/v2\/pages\/232\/revisions"}],"predecessor-version":[{"id":1379,"href":"https:\/\/wines.baracshop.it\/fr\/wp-json\/wp\/v2\/pages\/232\/revisions\/1379"}],"wp:attachment":[{"href":"https:\/\/wines.baracshop.it\/fr\/wp-json\/wp\/v2\/media?parent=232"}],"curies":[{"name":"wp","href":"https:\/\/api.w.org\/{rel}","templated":true}]}}