{"id":1503,"date":"2022-06-27T15:47:17","date_gmt":"2022-06-27T13:47:17","guid":{"rendered":"https:\/\/wines.baracshop.it\/?post_type=product&#038;p=1503"},"modified":"2026-03-23T11:39:28","modified_gmt":"2026-03-23T10:39:28","slug":"barbera-dalba-superiore-doc-2021","status":"publish","type":"product","link":"https:\/\/wines.baracshop.it\/fr\/prodotto\/barbera-dalba-superiore-doc-2021\/","title":{"rendered":"Barbera d&#8217;Alba superiore DOC"},"content":{"rendered":"<p class=\"p1 translation-block\">Vinification\u00a0: Les raisins proviennent d'un petit vignoble plant\u00e9 en 1999. La production est limit\u00e9e, m\u00eame dans les mill\u00e9simes les plus g\u00e9n\u00e9reux. Les raisins, vendang\u00e9s \u00e0 la main, sont tri\u00e9s, \u00e9grapp\u00e9s et foul\u00e9s. La fermentation et la mac\u00e9ration se d\u00e9roulent pendant environ 8\u00a0jours en cuves inox \u00e0 une temp\u00e9rature contr\u00f4l\u00e9e entre 26 et 28\u00a0\u00b0C. Apr\u00e8s la fermentation malolactique, le vin vieillit 12\u00a0mois en f\u00fbts de ch\u00eane, gagnant ainsi en complexit\u00e9 et en structure.<\/p>\n<p class=\"translation-block\">Caract\u00e9ristiques organoleptiques\u00a0: Robe rouge rubis aux ar\u00f4mes intenses de fruits rouges m\u00fbrs et de vanille. L'\u00e9levage en f\u00fbts de bois \u00e9quilibre le Barbera, doux et rond en bouche. Agr\u00e9able fra\u00eecheur finale typique de ce vin.<\/p>\n<p class=\"translation-block\">Accords mets et vins : Ap\u00e9ritifs, entr\u00e9es, viandes blanches et charcuteries.<\/p>\n<p class=\"translation-block\"><strong>Temp\u00e9rature id\u00e9ale de service\u00a0:<\/strong> 16\u00b0 \u2013 18\u00b0<\/p>\n<p><strong>AWARD 2022: Jamessuckling.com \u2013 91 pts.<\/strong><\/p>\n<p>&nbsp;<\/p>\n<div id='gallery-1' class='gallery galleryid-1503 gallery-columns-3 gallery-size-thumbnail'><figure class='gallery-item'>\n\t\t\t<div class='gallery-icon landscape'>\n\t\t\t\t<a href='https:\/\/wines.baracshop.it\/fr\/?attachment_id=1491'><img loading=\"lazy\" decoding=\"async\" width=\"150\" height=\"150\" src=\"https:\/\/wines.baracshop.it\/wp-content\/uploads\/2017\/01\/Tenuta-Barac-008-150x150.jpg\" class=\"attachment-thumbnail size-thumbnail\" alt=\"\" srcset=\"https:\/\/wines.baracshop.it\/wp-content\/uploads\/2017\/01\/Tenuta-Barac-008-150x150.jpg 150w, https:\/\/wines.baracshop.it\/wp-content\/uploads\/2017\/01\/Tenuta-Barac-008-100x100.jpg 100w, https:\/\/wines.baracshop.it\/wp-content\/uploads\/2017\/01\/Tenuta-Barac-008-300x300.jpg 300w, https:\/\/wines.baracshop.it\/wp-content\/uploads\/2017\/01\/Tenuta-Barac-008-370x370.jpg 370w, https:\/\/wines.baracshop.it\/wp-content\/uploads\/2017\/01\/Tenuta-Barac-008-90x90.jpg 90w, https:\/\/wines.baracshop.it\/wp-content\/uploads\/2017\/01\/Tenuta-Barac-008.jpg 600w\" sizes=\"auto, (max-width: 150px) 100vw, 150px\" \/><\/a>\n\t\t\t<\/div><\/figure><figure class='gallery-item'>\n\t\t\t<div class='gallery-icon landscape'>\n\t\t\t\t<a href='https:\/\/wines.baracshop.it\/fr\/?attachment_id=1490'><img loading=\"lazy\" decoding=\"async\" width=\"150\" height=\"150\" src=\"https:\/\/wines.baracshop.it\/wp-content\/uploads\/2017\/01\/Tenuta-Barac-007-150x150.jpg\" class=\"attachment-thumbnail size-thumbnail\" alt=\"\" srcset=\"https:\/\/wines.baracshop.it\/wp-content\/uploads\/2017\/01\/Tenuta-Barac-007-150x150.jpg 150w, https:\/\/wines.baracshop.it\/wp-content\/uploads\/2017\/01\/Tenuta-Barac-007-100x100.jpg 100w, https:\/\/wines.baracshop.it\/wp-content\/uploads\/2017\/01\/Tenuta-Barac-007-300x300.jpg 300w, https:\/\/wines.baracshop.it\/wp-content\/uploads\/2017\/01\/Tenuta-Barac-007-370x370.jpg 370w, https:\/\/wines.baracshop.it\/wp-content\/uploads\/2017\/01\/Tenuta-Barac-007-90x90.jpg 90w, https:\/\/wines.baracshop.it\/wp-content\/uploads\/2017\/01\/Tenuta-Barac-007.jpg 600w\" sizes=\"auto, (max-width: 150px) 100vw, 150px\" \/><\/a>\n\t\t\t<\/div><\/figure><figure class='gallery-item'>\n\t\t\t<div class='gallery-icon landscape'>\n\t\t\t\t<a href='https:\/\/wines.baracshop.it\/fr\/?attachment_id=1500'><img loading=\"lazy\" decoding=\"async\" width=\"150\" height=\"150\" src=\"https:\/\/wines.baracshop.it\/wp-content\/uploads\/2017\/01\/Tenuta-Barac-017-150x150.jpg\" class=\"attachment-thumbnail size-thumbnail\" alt=\"\" srcset=\"https:\/\/wines.baracshop.it\/wp-content\/uploads\/2017\/01\/Tenuta-Barac-017-150x150.jpg 150w, https:\/\/wines.baracshop.it\/wp-content\/uploads\/2017\/01\/Tenuta-Barac-017-100x100.jpg 100w, https:\/\/wines.baracshop.it\/wp-content\/uploads\/2017\/01\/Tenuta-Barac-017-300x300.jpg 300w, https:\/\/wines.baracshop.it\/wp-content\/uploads\/2017\/01\/Tenuta-Barac-017-370x370.jpg 370w, https:\/\/wines.baracshop.it\/wp-content\/uploads\/2017\/01\/Tenuta-Barac-017-90x90.jpg 90w, https:\/\/wines.baracshop.it\/wp-content\/uploads\/2017\/01\/Tenuta-Barac-017.jpg 600w\" sizes=\"auto, (max-width: 150px) 100vw, 150px\" \/><\/a>\n\t\t\t<\/div><\/figure>\n\t\t<\/div>\n\n<div id=\"gtx-trans\" style=\"position: absolute; left: 20px; top: 306px;\">\n<div class=\"gtx-trans-icon\"><\/div>\n<\/div>\n<div id=\"simple-translate\" class=\"simple-translate-system-theme\">\n<div>\n<div class=\"simple-translate-button isShow\" style=\"background-image: url('chrome-extension:\/\/ibplnjkanclpjokhdolnendpplpjiace\/icons\/512.png'); height: 22px; width: 22px; top: 311px; left: 43px;\"><\/div>\n<div class=\"simple-translate-panel\" style=\"width: 300px; height: 200px; top: 0px; left: 0px; font-size: 13px;\">\n<div class=\"simple-translate-result-wrapper\" style=\"overflow: hidden;\">\n<div class=\"simple-translate-move\" draggable=\"true\"><\/div>\n<div class=\"simple-translate-result-contents\">\n<p class=\"simple-translate-candidate\" dir=\"auto\">\n<\/div>\n<\/div>\n<\/div>\n<\/div>\n<\/div>\n<p>&nbsp;<\/p>","protected":false},"excerpt":{"rendered":"<p class=\"p1\">Barbera d&#8217;Alba Superiore DOC 2022<\/p>\n<p class=\"p1\">a un ar\u00f4me intense de fruits noirs, procurant une sensation chaleureuse et enveloppante.<\/p>\n<p class=\"p1\">750ml<br \/>\n<strong>AWARD 2022: Jamessuckling.com \u2013 91 pts.<\/strong><\/p>\n<p>&nbsp;<\/p>","protected":false},"featured_media":1984,"template":"","meta":[],"product_cat":[33],"product_tag":[88,30],"class_list":["post-1503","product","type-product","status-publish","has-post-thumbnail","hentry","product_cat-red-wine","product_tag-red-wine","product_tag-wine"],"aioseo_notices":[],"_links":{"self":[{"href":"https:\/\/wines.baracshop.it\/fr\/wp-json\/wp\/v2\/product\/1503","targetHints":{"allow":["GET"]}}],"collection":[{"href":"https:\/\/wines.baracshop.it\/fr\/wp-json\/wp\/v2\/product"}],"about":[{"href":"https:\/\/wines.baracshop.it\/fr\/wp-json\/wp\/v2\/types\/product"}],"wp:featuredmedia":[{"embeddable":true,"href":"https:\/\/wines.baracshop.it\/fr\/wp-json\/wp\/v2\/media\/1984"}],"wp:attachment":[{"href":"https:\/\/wines.baracshop.it\/fr\/wp-json\/wp\/v2\/media?parent=1503"}],"wp:term":[{"taxonomy":"product_cat","embeddable":true,"href":"https:\/\/wines.baracshop.it\/fr\/wp-json\/wp\/v2\/product_cat?post=1503"},{"taxonomy":"product_tag","embeddable":true,"href":"https:\/\/wines.baracshop.it\/fr\/wp-json\/wp\/v2\/product_tag?post=1503"}],"curies":[{"name":"wp","href":"https:\/\/api.w.org\/{rel}","templated":true}]}}