{"id":1513,"date":"2022-06-27T16:12:02","date_gmt":"2022-06-27T14:12:02","guid":{"rendered":"https:\/\/wines.baracshop.it\/?post_type=product&#038;p=1513"},"modified":"2026-03-23T11:37:00","modified_gmt":"2026-03-23T10:37:00","slug":"langhe-rosato-doc","status":"publish","type":"product","link":"https:\/\/wines.baracshop.it\/fr\/prodotto\/langhe-rosato-doc\/","title":{"rendered":"Langhe Rosato DOC"},"content":{"rendered":"<p class=\"p1 translation-block\">Nez\u00a0: Le bouquet est fruit\u00e9, onctueux et intense. La bouche est agr\u00e9ablement s\u00e8che, avec une belle mati\u00e8re. Elle est bien \u00e9quilibr\u00e9e gr\u00e2ce \u00e0 une agr\u00e9able fra\u00eecheur finale.<\/p>\n<p class=\"p1 translation-block\"><strong>Caract\u00e9ristiques organoleptiques :<\/strong> Une belle couleur rose tendre aux tons orang\u00e9s.<\/p>\n<p class=\"p1 translation-block\"><strong>Accompagnement :<\/strong> Excellent \u00e0 l'ap\u00e9ritif, accompagne bien les entr\u00e9es, les poissons et les plats l\u00e9g\u00e8rement \u00e9pic\u00e9s.<\/p>\n<p class=\"p1 translation-block\"><strong>Temp\u00e9rature id\u00e9ale de service<\/strong>\u00a0: 8\u00b0 \u2013 10\u00b0<\/p>\n<div class=\"woocommerce-product-details__short-description\">\n<p><strong>AWARD 2024: Jamessuckling.com \u2013 90 pts.<\/strong><\/p>\n<\/div>\n<form class=\"variations_form cart inited\" action=\"https:\/\/wines.baracshop.it\/fr\/prodotto\/barolo-docg-cerviano-merli-2017-tenuta-barac\/\" enctype=\"multipart\/form-data\" method=\"post\" data-product_id=\"1506\" data-product_variations=\"[{&quot;attributes&quot;:{&quot;attribute_pa_size&quot;:&quot;750ml&quot;,&quot;attribute_pa_vintage&quot;:&quot;2017&quot;},&quot;availability_html&quot;:&quot;&quot;,&quot;backorders_allowed&quot;:false,&quot;dimensions&quot;:{&quot;length&quot;:&quot;&quot;,&quot;width&quot;:&quot;&quot;,&quot;height&quot;:&quot;&quot;},&quot;dimensions_html&quot;:&quot;N\\\/A&quot;,&quot;display_price&quot;:29,&quot;display_regular_price&quot;:29,&quot;image&quot;:{&quot;title&quot;:&quot;tenuta-Barac-Barolo-Cerviano-Merli-premio&quot;,&quot;caption&quot;:&quot;&quot;,&quot;url&quot;:&quot;https:\\\/\\\/wines.baracshop.it\\\/wp-content\\\/uploads\\\/2022\\\/06\\\/tenuta-Barac-Barolo-Cerviano-Merli-premio-1.png&quot;,&quot;alt&quot;:&quot;&quot;,&quot;src&quot;:&quot;https:\\\/\\\/wines.baracshop.it\\\/wp-content\\\/uploads\\\/2022\\\/06\\\/tenuta-Barac-Barolo-Cerviano-Merli-premio-1-600x600.png&quot;,&quot;srcset&quot;:&quot;https:\\\/\\\/wines.baracshop.it\\\/wp-content\\\/uploads\\\/2022\\\/06\\\/tenuta-Barac-Barolo-Cerviano-Merli-premio-1-600x600.png 600w, https:\\\/\\\/wines.baracshop.it\\\/wp-content\\\/uploads\\\/2022\\\/06\\\/tenuta-Barac-Barolo-Cerviano-Merli-premio-1-100x100.png 100w, https:\\\/\\\/wines.baracshop.it\\\/wp-content\\\/uploads\\\/2022\\\/06\\\/tenuta-Barac-Barolo-Cerviano-Merli-premio-1-300x300.png 300w, https:\\\/\\\/wines.baracshop.it\\\/wp-content\\\/uploads\\\/2022\\\/06\\\/tenuta-Barac-Barolo-Cerviano-Merli-premio-1-1024x1024.png 1024w, https:\\\/\\\/wines.baracshop.it\\\/wp-content\\\/uploads\\\/2022\\\/06\\\/tenuta-Barac-Barolo-Cerviano-Merli-premio-1-150x150.png 150w, https:\\\/\\\/wines.baracshop.it\\\/wp-content\\\/uploads\\\/2022\\\/06\\\/tenuta-Barac-Barolo-Cerviano-Merli-premio-1-768x768.png 768w, https:\\\/\\\/wines.baracshop.it\\\/wp-content\\\/uploads\\\/2022\\\/06\\\/tenuta-Barac-Barolo-Cerviano-Merli-premio-1-370x370.png 370w, https:\\\/\\\/wines.baracshop.it\\\/wp-content\\\/uploads\\\/2022\\\/06\\\/tenuta-Barac-Barolo-Cerviano-Merli-premio-1-90x90.png 90w, https:\\\/\\\/wines.baracshop.it\\\/wp-content\\\/uploads\\\/2022\\\/06\\\/tenuta-Barac-Barolo-Cerviano-Merli-premio-1-760x760.png 760w, https:\\\/\\\/wines.baracshop.it\\\/wp-content\\\/uploads\\\/2022\\\/06\\\/tenuta-Barac-Barolo-Cerviano-Merli-premio-1.png 1048w&quot;,&quot;sizes&quot;:&quot;(max-width: 600px) 100vw, 600px&quot;,&quot;full_src&quot;:&quot;https:\\\/\\\/wines.baracshop.it\\\/wp-content\\\/uploads\\\/2022\\\/06\\\/tenuta-Barac-Barolo-Cerviano-Merli-premio-1.png&quot;,&quot;full_src_w&quot;:1048,&quot;full_src_h&quot;:1048,&quot;gallery_thumbnail_src&quot;:&quot;https:\\\/\\\/wines.baracshop.it\\\/wp-content\\\/uploads\\\/2022\\\/06\\\/tenuta-Barac-Barolo-Cerviano-Merli-premio-1-100x100.png&quot;,&quot;gallery_thumbnail_src_w&quot;:100,&quot;gallery_thumbnail_src_h&quot;:100,&quot;thumb_src&quot;:&quot;https:\\\/\\\/wines.baracshop.it\\\/wp-content\\\/uploads\\\/2022\\\/06\\\/tenuta-Barac-Barolo-Cerviano-Merli-premio-1-600x600.png&quot;,&quot;thumb_src_w&quot;:600,&quot;thumb_src_h&quot;:600,&quot;src_w&quot;:600,&quot;src_h&quot;:600},&quot;image_id&quot;:1660,&quot;is_downloadable&quot;:false,&quot;is_in_stock&quot;:true,&quot;is_purchasable&quot;:true,&quot;is_sold_individually&quot;:&quot;no&quot;,&quot;is_virtual&quot;:false,&quot;max_qty&quot;:&quot;&quot;,&quot;min_qty&quot;:1,&quot;price_html&quot;:&quot;&quot;,&quot;sku&quot;:&quot;TB-BAR-CM-17-1&quot;,&quot;variation_description&quot;:&quot;&quot;,&quot;variation_id&quot;:1974,&quot;variation_is_active&quot;:true,&quot;variation_is_visible&quot;:true,&quot;weight&quot;:&quot;&quot;,&quot;weight_html&quot;:&quot;N\\\/A&quot;},{&quot;attributes&quot;:{&quot;attribute_pa_size&quot;:&quot;750ml&quot;,&quot;attribute_pa_vintage&quot;:&quot;2019&quot;},&quot;availability_html&quot;:&quot;&quot;,&quot;backorders_allowed&quot;:false,&quot;dimensions&quot;:{&quot;length&quot;:&quot;&quot;,&quot;width&quot;:&quot;&quot;,&quot;height&quot;:&quot;&quot;},&quot;dimensions_html&quot;:&quot;N\\\/A&quot;,&quot;display_price&quot;:29,&quot;display_regular_price&quot;:29,&quot;image&quot;:{&quot;title&quot;:&quot;tenuta-Barac-Barolo-Cerviano-Merli-premio&quot;,&quot;caption&quot;:&quot;&quot;,&quot;url&quot;:&quot;https:\\\/\\\/wines.baracshop.it\\\/wp-content\\\/uploads\\\/2022\\\/06\\\/tenuta-Barac-Barolo-Cerviano-Merli-premio-1.png&quot;,&quot;alt&quot;:&quot;&quot;,&quot;src&quot;:&quot;https:\\\/\\\/wines.baracshop.it\\\/wp-content\\\/uploads\\\/2022\\\/06\\\/tenuta-Barac-Barolo-Cerviano-Merli-premio-1-600x600.png&quot;,&quot;srcset&quot;:&quot;https:\\\/\\\/wines.baracshop.it\\\/wp-content\\\/uploads\\\/2022\\\/06\\\/tenuta-Barac-Barolo-Cerviano-Merli-premio-1-600x600.png 600w, https:\\\/\\\/wines.baracshop.it\\\/wp-content\\\/uploads\\\/2022\\\/06\\\/tenuta-Barac-Barolo-Cerviano-Merli-premio-1-100x100.png 100w, https:\\\/\\\/wines.baracshop.it\\\/wp-content\\\/uploads\\\/2022\\\/06\\\/tenuta-Barac-Barolo-Cerviano-Merli-premio-1-300x300.png 300w, https:\\\/\\\/wines.baracshop.it\\\/wp-content\\\/uploads\\\/2022\\\/06\\\/tenuta-Barac-Barolo-Cerviano-Merli-premio-1-1024x1024.png 1024w, https:\\\/\\\/wines.baracshop.it\\\/wp-content\\\/uploads\\\/2022\\\/06\\\/tenuta-Barac-Barolo-Cerviano-Merli-premio-1-150x150.png 150w, https:\\\/\\\/wines.baracshop.it\\\/wp-content\\\/uploads\\\/2022\\\/06\\\/tenuta-Barac-Barolo-Cerviano-Merli-premio-1-768x768.png 768w, https:\\\/\\\/wines.baracshop.it\\\/wp-content\\\/uploads\\\/2022\\\/06\\\/tenuta-Barac-Barolo-Cerviano-Merli-premio-1-370x370.png 370w, https:\\\/\\\/wines.baracshop.it\\\/wp-content\\\/uploads\\\/2022\\\/06\\\/tenuta-Barac-Barolo-Cerviano-Merli-premio-1-90x90.png 90w, https:\\\/\\\/wines.baracshop.it\\\/wp-content\\\/uploads\\\/2022\\\/06\\\/tenuta-Barac-Barolo-Cerviano-Merli-premio-1-760x760.png 760w, https:\\\/\\\/wines.baracshop.it\\\/wp-content\\\/uploads\\\/2022\\\/06\\\/tenuta-Barac-Barolo-Cerviano-Merli-premio-1.png 1048w&quot;,&quot;sizes&quot;:&quot;(max-width: 600px) 100vw, 600px&quot;,&quot;full_src&quot;:&quot;https:\\\/\\\/wines.baracshop.it\\\/wp-content\\\/uploads\\\/2022\\\/06\\\/tenuta-Barac-Barolo-Cerviano-Merli-premio-1.png&quot;,&quot;full_src_w&quot;:1048,&quot;full_src_h&quot;:1048,&quot;gallery_thumbnail_src&quot;:&quot;https:\\\/\\\/wines.baracshop.it\\\/wp-content\\\/uploads\\\/2022\\\/06\\\/tenuta-Barac-Barolo-Cerviano-Merli-premio-1-100x100.png&quot;,&quot;gallery_thumbnail_src_w&quot;:100,&quot;gallery_thumbnail_src_h&quot;:100,&quot;thumb_src&quot;:&quot;https:\\\/\\\/wines.baracshop.it\\\/wp-content\\\/uploads\\\/2022\\\/06\\\/tenuta-Barac-Barolo-Cerviano-Merli-premio-1-600x600.png&quot;,&quot;thumb_src_w&quot;:600,&quot;thumb_src_h&quot;:600,&quot;src_w&quot;:600,&quot;src_h&quot;:600},&quot;image_id&quot;:1660,&quot;is_downloadable&quot;:false,&quot;is_in_stock&quot;:true,&quot;is_purchasable&quot;:true,&quot;is_sold_individually&quot;:&quot;no&quot;,&quot;is_virtual&quot;:false,&quot;max_qty&quot;:&quot;&quot;,&quot;min_qty&quot;:1,&quot;price_html&quot;:&quot;&quot;,&quot;sku&quot;:&quot;TB-BAR-CM-17-2&quot;,&quot;variation_description&quot;:&quot;&quot;,&quot;variation_id&quot;:1975,&quot;variation_is_active&quot;:true,&quot;variation_is_visible&quot;:true,&quot;weight&quot;:&quot;&quot;,&quot;weight_html&quot;:&quot;N\\\/A&quot;}]\" data-trp-original-action=\"https:\/\/wines.baracshop.it\/prodotto\/barolo-docg-cerviano-merli-2017-tenuta-barac\/\"><input type=\"hidden\" name=\"trp-form-language\" value=\"fr\"\/><\/form>\n<p>&nbsp;<\/p>\n<div id='gallery-1' class='gallery galleryid-1513 gallery-columns-3 gallery-size-thumbnail'><figure class='gallery-item'>\n\t\t\t<div class='gallery-icon landscape'>\n\t\t\t\t<a href='https:\/\/wines.baracshop.it\/fr\/?attachment_id=1485'><img loading=\"lazy\" decoding=\"async\" width=\"150\" height=\"150\" src=\"https:\/\/wines.baracshop.it\/wp-content\/uploads\/2017\/01\/Tenuta-Barac-002-150x150.jpg\" class=\"attachment-thumbnail size-thumbnail\" alt=\"\" srcset=\"https:\/\/wines.baracshop.it\/wp-content\/uploads\/2017\/01\/Tenuta-Barac-002-150x150.jpg 150w, https:\/\/wines.baracshop.it\/wp-content\/uploads\/2017\/01\/Tenuta-Barac-002-100x100.jpg 100w, https:\/\/wines.baracshop.it\/wp-content\/uploads\/2017\/01\/Tenuta-Barac-002-300x300.jpg 300w, https:\/\/wines.baracshop.it\/wp-content\/uploads\/2017\/01\/Tenuta-Barac-002-370x370.jpg 370w, https:\/\/wines.baracshop.it\/wp-content\/uploads\/2017\/01\/Tenuta-Barac-002-90x90.jpg 90w, https:\/\/wines.baracshop.it\/wp-content\/uploads\/2017\/01\/Tenuta-Barac-002.jpg 600w\" sizes=\"auto, (max-width: 150px) 100vw, 150px\" \/><\/a>\n\t\t\t<\/div><\/figure><figure class='gallery-item'>\n\t\t\t<div class='gallery-icon landscape'>\n\t\t\t\t<a href='https:\/\/wines.baracshop.it\/fr\/?attachment_id=1484'><img loading=\"lazy\" decoding=\"async\" width=\"150\" height=\"150\" src=\"https:\/\/wines.baracshop.it\/wp-content\/uploads\/2017\/01\/Tenuta-Barac-001-150x150.jpg\" class=\"attachment-thumbnail size-thumbnail\" alt=\"\" srcset=\"https:\/\/wines.baracshop.it\/wp-content\/uploads\/2017\/01\/Tenuta-Barac-001-150x150.jpg 150w, https:\/\/wines.baracshop.it\/wp-content\/uploads\/2017\/01\/Tenuta-Barac-001-100x100.jpg 100w, https:\/\/wines.baracshop.it\/wp-content\/uploads\/2017\/01\/Tenuta-Barac-001-300x300.jpg 300w, https:\/\/wines.baracshop.it\/wp-content\/uploads\/2017\/01\/Tenuta-Barac-001-370x370.jpg 370w, https:\/\/wines.baracshop.it\/wp-content\/uploads\/2017\/01\/Tenuta-Barac-001-90x90.jpg 90w, https:\/\/wines.baracshop.it\/wp-content\/uploads\/2017\/01\/Tenuta-Barac-001.jpg 600w\" sizes=\"auto, (max-width: 150px) 100vw, 150px\" \/><\/a>\n\t\t\t<\/div><\/figure><figure class='gallery-item'>\n\t\t\t<div class='gallery-icon landscape'>\n\t\t\t\t<a href='https:\/\/wines.baracshop.it\/fr\/?attachment_id=1492'><img loading=\"lazy\" decoding=\"async\" width=\"150\" height=\"150\" src=\"https:\/\/wines.baracshop.it\/wp-content\/uploads\/2017\/01\/Tenuta-Barac-009-150x150.jpg\" class=\"attachment-thumbnail size-thumbnail\" alt=\"\" srcset=\"https:\/\/wines.baracshop.it\/wp-content\/uploads\/2017\/01\/Tenuta-Barac-009-150x150.jpg 150w, https:\/\/wines.baracshop.it\/wp-content\/uploads\/2017\/01\/Tenuta-Barac-009-100x100.jpg 100w, https:\/\/wines.baracshop.it\/wp-content\/uploads\/2017\/01\/Tenuta-Barac-009-300x300.jpg 300w, https:\/\/wines.baracshop.it\/wp-content\/uploads\/2017\/01\/Tenuta-Barac-009-370x370.jpg 370w, https:\/\/wines.baracshop.it\/wp-content\/uploads\/2017\/01\/Tenuta-Barac-009-90x90.jpg 90w, https:\/\/wines.baracshop.it\/wp-content\/uploads\/2017\/01\/Tenuta-Barac-009.jpg 600w\" sizes=\"auto, (max-width: 150px) 100vw, 150px\" \/><\/a>\n\t\t\t<\/div><\/figure>\n\t\t<\/div>\n\n<div id=\"gtx-trans\" style=\"position: absolute; left: 302px; top: 182px;\">\n<div class=\"gtx-trans-icon\"><\/div>\n<\/div>\n<div id=\"simple-translate\" class=\"simple-translate-system-theme\">\n<div>\n<div class=\"simple-translate-button isShow\" style=\"background-image: url('chrome-extension:\/\/ibplnjkanclpjokhdolnendpplpjiace\/icons\/512.png'); height: 22px; width: 22px; top: 228px; left: 325px;\"><\/div>\n<div class=\"simple-translate-panel\" style=\"width: 300px; height: 200px; top: 0px; left: 0px; font-size: 13px;\">\n<div class=\"simple-translate-result-wrapper\" style=\"overflow: hidden;\">\n<div class=\"simple-translate-move\" draggable=\"true\"><\/div>\n<div class=\"simple-translate-result-contents\">\n<p class=\"simple-translate-result\" dir=\"auto\">\n<p class=\"simple-translate-candidate\" dir=\"auto\">\n<\/div>\n<\/div>\n<\/div>\n<\/div>\n<\/div>","protected":false},"excerpt":{"rendered":"<p class=\"p1\">Langhe Rosato DOC 2024 Le bouquet est fruit\u00e9, moelleux et intense.<br \/>\n750ml<br \/>\n<strong>AWARD 2024: Jamessuckling.com \u2013 90 pts.<\/strong><\/p>","protected":false},"featured_media":1982,"template":"","meta":[],"product_cat":[34],"product_tag":[86,30],"class_list":["post-1513","product","type-product","status-publish","has-post-thumbnail","hentry","product_cat-rose-wine","product_tag-rose-wine","product_tag-wine"],"aioseo_notices":[],"_links":{"self":[{"href":"https:\/\/wines.baracshop.it\/fr\/wp-json\/wp\/v2\/product\/1513","targetHints":{"allow":["GET"]}}],"collection":[{"href":"https:\/\/wines.baracshop.it\/fr\/wp-json\/wp\/v2\/product"}],"about":[{"href":"https:\/\/wines.baracshop.it\/fr\/wp-json\/wp\/v2\/types\/product"}],"wp:featuredmedia":[{"embeddable":true,"href":"https:\/\/wines.baracshop.it\/fr\/wp-json\/wp\/v2\/media\/1982"}],"wp:attachment":[{"href":"https:\/\/wines.baracshop.it\/fr\/wp-json\/wp\/v2\/media?parent=1513"}],"wp:term":[{"taxonomy":"product_cat","embeddable":true,"href":"https:\/\/wines.baracshop.it\/fr\/wp-json\/wp\/v2\/product_cat?post=1513"},{"taxonomy":"product_tag","embeddable":true,"href":"https:\/\/wines.baracshop.it\/fr\/wp-json\/wp\/v2\/product_tag?post=1513"}],"curies":[{"name":"wp","href":"https:\/\/api.w.org\/{rel}","templated":true}]}}