{"id":1583,"date":"2022-06-28T16:49:44","date_gmt":"2022-06-28T14:49:44","guid":{"rendered":"https:\/\/wines.baracshop.it\/?post_type=product&#038;p=1583"},"modified":"2026-03-18T21:25:51","modified_gmt":"2026-03-18T20:25:51","slug":"magnum-barbera-dalba-superiore-doc-tenuta-barac","status":"publish","type":"product","link":"https:\/\/wines.baracshop.it\/fr\/prodotto\/magnum-barbera-dalba-superiore-doc-tenuta-barac\/","title":{"rendered":"Magnum Barbera d'Alba Superiore DOC"},"content":{"rendered":"<p class=\"p1 translation-block\">Vinification\u00a0: Les raisins proviennent d'un petit vignoble plant\u00e9 en 1999. La production est limit\u00e9e, m\u00eame dans les mill\u00e9simes les plus g\u00e9n\u00e9reux. Les raisins, vendang\u00e9s \u00e0 la main, sont tri\u00e9s, \u00e9grapp\u00e9s et foul\u00e9s. La fermentation et la mac\u00e9ration se d\u00e9roulent pendant environ 8\u00a0jours en cuves inox \u00e0 une temp\u00e9rature contr\u00f4l\u00e9e entre 26 et 28\u00a0\u00b0C. Apr\u00e8s la fermentation malolactique, le vin vieillit 12\u00a0mois en f\u00fbts de ch\u00eane, gagnant ainsi en complexit\u00e9 et en structure.<\/p>\n<p class=\"p1 translation-block\">Caract\u00e9ristiques organoleptiques\u00a0: Robe rouge rubis aux ar\u00f4mes intenses de fruits rouges m\u00fbrs et de vanille. L'\u00e9levage en f\u00fbt de bois \u00e9quilibre le Barbera, doux et rond en bouche. Agr\u00e9able fra\u00eecheur finale typique de ce vin.<\/p>\n<p class=\"p1 translation-block\">Accords mets et vins : Ap\u00e9ritifs, entr\u00e9es, viandes blanches et charcuteries.<\/p>\n<p class=\"p1 translation-block\"><strong>Temp\u00e9rature id\u00e9ale de service\u00a0:<\/strong>\u00a016\u00b0 \u2013 18\u00b0<\/p>\n<p>&nbsp;<\/p>\n<div id='gallery-1' class='gallery galleryid-1583 gallery-columns-3 gallery-size-thumbnail'><figure class='gallery-item'>\n\t\t\t<div class='gallery-icon landscape'>\n\t\t\t\t<a href='https:\/\/wines.baracshop.it\/fr\/?attachment_id=1490'><img loading=\"lazy\" decoding=\"async\" width=\"150\" height=\"150\" src=\"https:\/\/wines.baracshop.it\/wp-content\/uploads\/2017\/01\/Tenuta-Barac-007-150x150.jpg\" class=\"attachment-thumbnail size-thumbnail\" alt=\"\" srcset=\"https:\/\/wines.baracshop.it\/wp-content\/uploads\/2017\/01\/Tenuta-Barac-007-150x150.jpg 150w, https:\/\/wines.baracshop.it\/wp-content\/uploads\/2017\/01\/Tenuta-Barac-007-100x100.jpg 100w, https:\/\/wines.baracshop.it\/wp-content\/uploads\/2017\/01\/Tenuta-Barac-007-300x300.jpg 300w, https:\/\/wines.baracshop.it\/wp-content\/uploads\/2017\/01\/Tenuta-Barac-007-370x370.jpg 370w, https:\/\/wines.baracshop.it\/wp-content\/uploads\/2017\/01\/Tenuta-Barac-007-90x90.jpg 90w, https:\/\/wines.baracshop.it\/wp-content\/uploads\/2017\/01\/Tenuta-Barac-007.jpg 600w\" sizes=\"auto, (max-width: 150px) 100vw, 150px\" \/><\/a>\n\t\t\t<\/div><\/figure><figure class='gallery-item'>\n\t\t\t<div class='gallery-icon landscape'>\n\t\t\t\t<a href='https:\/\/wines.baracshop.it\/fr\/?attachment_id=1489'><img loading=\"lazy\" decoding=\"async\" width=\"150\" height=\"150\" src=\"https:\/\/wines.baracshop.it\/wp-content\/uploads\/2017\/01\/Tenuta-Barac-006-150x150.jpg\" class=\"attachment-thumbnail size-thumbnail\" alt=\"\" srcset=\"https:\/\/wines.baracshop.it\/wp-content\/uploads\/2017\/01\/Tenuta-Barac-006-150x150.jpg 150w, https:\/\/wines.baracshop.it\/wp-content\/uploads\/2017\/01\/Tenuta-Barac-006-100x100.jpg 100w, https:\/\/wines.baracshop.it\/wp-content\/uploads\/2017\/01\/Tenuta-Barac-006-300x300.jpg 300w, https:\/\/wines.baracshop.it\/wp-content\/uploads\/2017\/01\/Tenuta-Barac-006-370x370.jpg 370w, https:\/\/wines.baracshop.it\/wp-content\/uploads\/2017\/01\/Tenuta-Barac-006-90x90.jpg 90w, https:\/\/wines.baracshop.it\/wp-content\/uploads\/2017\/01\/Tenuta-Barac-006.jpg 600w\" sizes=\"auto, (max-width: 150px) 100vw, 150px\" \/><\/a>\n\t\t\t<\/div><\/figure><figure class='gallery-item'>\n\t\t\t<div class='gallery-icon landscape'>\n\t\t\t\t<a href='https:\/\/wines.baracshop.it\/fr\/?attachment_id=1484'><img loading=\"lazy\" decoding=\"async\" width=\"150\" height=\"150\" src=\"https:\/\/wines.baracshop.it\/wp-content\/uploads\/2017\/01\/Tenuta-Barac-001-150x150.jpg\" class=\"attachment-thumbnail size-thumbnail\" alt=\"\" srcset=\"https:\/\/wines.baracshop.it\/wp-content\/uploads\/2017\/01\/Tenuta-Barac-001-150x150.jpg 150w, https:\/\/wines.baracshop.it\/wp-content\/uploads\/2017\/01\/Tenuta-Barac-001-100x100.jpg 100w, https:\/\/wines.baracshop.it\/wp-content\/uploads\/2017\/01\/Tenuta-Barac-001-300x300.jpg 300w, https:\/\/wines.baracshop.it\/wp-content\/uploads\/2017\/01\/Tenuta-Barac-001-370x370.jpg 370w, https:\/\/wines.baracshop.it\/wp-content\/uploads\/2017\/01\/Tenuta-Barac-001-90x90.jpg 90w, https:\/\/wines.baracshop.it\/wp-content\/uploads\/2017\/01\/Tenuta-Barac-001.jpg 600w\" sizes=\"auto, (max-width: 150px) 100vw, 150px\" \/><\/a>\n\t\t\t<\/div><\/figure>\n\t\t<\/div>","protected":false},"excerpt":{"rendered":"<p class=\"p1\">Magnum Barbera d'Alba Superiore DOC<\/p>\n<p class=\"p1\">Robe rouge rubis aux ar\u00f4mes intenses de fruits rouges m\u00fbrs et de vanille.<\/p>","protected":false},"featured_media":1639,"template":"","meta":[],"product_cat":[35],"product_tag":[88,30],"class_list":["post-1583","product","type-product","status-publish","has-post-thumbnail","hentry","product_cat-magnum","product_tag-red-wine","product_tag-wine"],"aioseo_notices":[],"_links":{"self":[{"href":"https:\/\/wines.baracshop.it\/fr\/wp-json\/wp\/v2\/product\/1583","targetHints":{"allow":["GET"]}}],"collection":[{"href":"https:\/\/wines.baracshop.it\/fr\/wp-json\/wp\/v2\/product"}],"about":[{"href":"https:\/\/wines.baracshop.it\/fr\/wp-json\/wp\/v2\/types\/product"}],"wp:featuredmedia":[{"embeddable":true,"href":"https:\/\/wines.baracshop.it\/fr\/wp-json\/wp\/v2\/media\/1639"}],"wp:attachment":[{"href":"https:\/\/wines.baracshop.it\/fr\/wp-json\/wp\/v2\/media?parent=1583"}],"wp:term":[{"taxonomy":"product_cat","embeddable":true,"href":"https:\/\/wines.baracshop.it\/fr\/wp-json\/wp\/v2\/product_cat?post=1583"},{"taxonomy":"product_tag","embeddable":true,"href":"https:\/\/wines.baracshop.it\/fr\/wp-json\/wp\/v2\/product_tag?post=1583"}],"curies":[{"name":"wp","href":"https:\/\/api.w.org\/{rel}","templated":true}]}}