{"id":1587,"date":"2022-06-28T16:55:11","date_gmt":"2022-06-28T14:55:11","guid":{"rendered":"https:\/\/wines.baracshop.it\/?post_type=product&#038;p=1587"},"modified":"2026-03-18T21:20:36","modified_gmt":"2026-03-18T20:20:36","slug":"magnum-langhe-nebbiolo-doc-tenuta-barac","status":"publish","type":"product","link":"https:\/\/wines.baracshop.it\/fr\/prodotto\/magnum-langhe-nebbiolo-doc-tenuta-barac\/","title":{"rendered":"Magnum Langhe Nebbiolo DOC"},"content":{"rendered":"<p class=\"p1 translation-block\">Vinification\u00a0: Les raisins Nebbiolo proviennent de vignobles situ\u00e9s sur les communes d'Alba et de Treiso. Les diff\u00e9rentes expositions des vignobles garantissent l'\u00e9quilibre du vin \u00e0 chaque mill\u00e9sime. Les raisins, vendang\u00e9s \u00e0 la main, sont tri\u00e9s, \u00e9grapp\u00e9s et foul\u00e9s. La fermentation et la mac\u00e9ration se d\u00e9roulent pendant environ 10\u00a0jours en cuves inox \u00e0 une temp\u00e9rature contr\u00f4l\u00e9e comprise entre 26 et 28\u00a0\u00b0C. Apr\u00e8s la fermentation malolactique, le vin est \u00e9lev\u00e9 12\u00a0mois en f\u00fbts de ch\u00eane.<\/p>\n<p class=\"p1 translation-block\"><strong>Caract\u00e9ristiques organoleptiques<\/strong>\u00a0: Robe grenat aux reflets rouge rubis. Bouquet intense et lin\u00e9aire. Notes de rose et de confiture de cerise. Tanins souples et velout\u00e9s. Bouche robuste et \u00e9l\u00e9gante.<\/p>\n<p class=\"p1 translation-block\">Accords mets et vins : entr\u00e9es terreuses, viandes rouges et fromages moyennement affin\u00e9s.<\/p>\n<p class=\"p1 translation-block\"><strong>Temp\u00e9rature id\u00e9ale de service\u00a0:<\/strong> 16\u00b0 \u2013 18\u00b0<\/p>\n<p>&nbsp;<\/p>\n<div id='gallery-1' class='gallery galleryid-1587 gallery-columns-3 gallery-size-thumbnail'><figure class='gallery-item'>\n\t\t\t<div class='gallery-icon landscape'>\n\t\t\t\t<a href='https:\/\/wines.baracshop.it\/fr\/?attachment_id=1493'><img loading=\"lazy\" decoding=\"async\" width=\"150\" height=\"150\" src=\"https:\/\/wines.baracshop.it\/wp-content\/uploads\/2017\/01\/Tenuta-Barac-010-150x150.jpg\" class=\"attachment-thumbnail size-thumbnail\" alt=\"\" srcset=\"https:\/\/wines.baracshop.it\/wp-content\/uploads\/2017\/01\/Tenuta-Barac-010-150x150.jpg 150w, https:\/\/wines.baracshop.it\/wp-content\/uploads\/2017\/01\/Tenuta-Barac-010-100x100.jpg 100w, https:\/\/wines.baracshop.it\/wp-content\/uploads\/2017\/01\/Tenuta-Barac-010-300x300.jpg 300w, https:\/\/wines.baracshop.it\/wp-content\/uploads\/2017\/01\/Tenuta-Barac-010-370x370.jpg 370w, https:\/\/wines.baracshop.it\/wp-content\/uploads\/2017\/01\/Tenuta-Barac-010-90x90.jpg 90w, https:\/\/wines.baracshop.it\/wp-content\/uploads\/2017\/01\/Tenuta-Barac-010.jpg 600w\" sizes=\"auto, (max-width: 150px) 100vw, 150px\" \/><\/a>\n\t\t\t<\/div><\/figure><figure class='gallery-item'>\n\t\t\t<div class='gallery-icon landscape'>\n\t\t\t\t<a href='https:\/\/wines.baracshop.it\/fr\/?attachment_id=1495'><img loading=\"lazy\" decoding=\"async\" width=\"150\" height=\"150\" src=\"https:\/\/wines.baracshop.it\/wp-content\/uploads\/2017\/01\/Tenuta-Barac-012-150x150.jpg\" class=\"attachment-thumbnail size-thumbnail\" alt=\"\" srcset=\"https:\/\/wines.baracshop.it\/wp-content\/uploads\/2017\/01\/Tenuta-Barac-012-150x150.jpg 150w, https:\/\/wines.baracshop.it\/wp-content\/uploads\/2017\/01\/Tenuta-Barac-012-100x100.jpg 100w, https:\/\/wines.baracshop.it\/wp-content\/uploads\/2017\/01\/Tenuta-Barac-012-300x300.jpg 300w, https:\/\/wines.baracshop.it\/wp-content\/uploads\/2017\/01\/Tenuta-Barac-012-370x370.jpg 370w, https:\/\/wines.baracshop.it\/wp-content\/uploads\/2017\/01\/Tenuta-Barac-012-90x90.jpg 90w, https:\/\/wines.baracshop.it\/wp-content\/uploads\/2017\/01\/Tenuta-Barac-012.jpg 600w\" sizes=\"auto, (max-width: 150px) 100vw, 150px\" \/><\/a>\n\t\t\t<\/div><\/figure><figure class='gallery-item'>\n\t\t\t<div class='gallery-icon landscape'>\n\t\t\t\t<a href='https:\/\/wines.baracshop.it\/fr\/?attachment_id=1496'><img loading=\"lazy\" decoding=\"async\" width=\"150\" height=\"150\" src=\"https:\/\/wines.baracshop.it\/wp-content\/uploads\/2017\/01\/Tenuta-Barac-013-150x150.jpg\" class=\"attachment-thumbnail size-thumbnail\" alt=\"\" srcset=\"https:\/\/wines.baracshop.it\/wp-content\/uploads\/2017\/01\/Tenuta-Barac-013-150x150.jpg 150w, https:\/\/wines.baracshop.it\/wp-content\/uploads\/2017\/01\/Tenuta-Barac-013-100x100.jpg 100w, https:\/\/wines.baracshop.it\/wp-content\/uploads\/2017\/01\/Tenuta-Barac-013-300x300.jpg 300w, https:\/\/wines.baracshop.it\/wp-content\/uploads\/2017\/01\/Tenuta-Barac-013-370x370.jpg 370w, https:\/\/wines.baracshop.it\/wp-content\/uploads\/2017\/01\/Tenuta-Barac-013-90x90.jpg 90w, https:\/\/wines.baracshop.it\/wp-content\/uploads\/2017\/01\/Tenuta-Barac-013.jpg 600w\" sizes=\"auto, (max-width: 150px) 100vw, 150px\" \/><\/a>\n\t\t\t<\/div><\/figure>\n\t\t<\/div>","protected":false},"excerpt":{"rendered":"<p class=\"p1\">Magnum Langhe Nebbiolo DOC<\/p>\n<p>Notes de rose et de confiture de cerise. Tanins souples et velout\u00e9s. Bouche robuste et \u00e9l\u00e9gante.<\/p>\n<p class=\"translation-block\"><strong>PRIX\u00a0: Vini Buoni d\u2019Italia \u2013 Golden Star Award<\/strong><br>\n<strong>PRIX\u00a0: Vini Buoni d\u2019Italia \u2013 Prix de la Couronne du Public<\/strong><\/p>","protected":false},"featured_media":1641,"template":"","meta":[],"product_cat":[35],"product_tag":[88,30],"class_list":["post-1587","product","type-product","status-publish","has-post-thumbnail","hentry","product_cat-magnum","product_tag-red-wine","product_tag-wine"],"aioseo_notices":[],"_links":{"self":[{"href":"https:\/\/wines.baracshop.it\/fr\/wp-json\/wp\/v2\/product\/1587","targetHints":{"allow":["GET"]}}],"collection":[{"href":"https:\/\/wines.baracshop.it\/fr\/wp-json\/wp\/v2\/product"}],"about":[{"href":"https:\/\/wines.baracshop.it\/fr\/wp-json\/wp\/v2\/types\/product"}],"wp:featuredmedia":[{"embeddable":true,"href":"https:\/\/wines.baracshop.it\/fr\/wp-json\/wp\/v2\/media\/1641"}],"wp:attachment":[{"href":"https:\/\/wines.baracshop.it\/fr\/wp-json\/wp\/v2\/media?parent=1587"}],"wp:term":[{"taxonomy":"product_cat","embeddable":true,"href":"https:\/\/wines.baracshop.it\/fr\/wp-json\/wp\/v2\/product_cat?post=1587"},{"taxonomy":"product_tag","embeddable":true,"href":"https:\/\/wines.baracshop.it\/fr\/wp-json\/wp\/v2\/product_tag?post=1587"}],"curies":[{"name":"wp","href":"https:\/\/api.w.org\/{rel}","templated":true}]}}