{"id":1592,"date":"2022-06-28T17:16:15","date_gmt":"2022-06-28T15:16:15","guid":{"rendered":"https:\/\/wines.baracshop.it\/?post_type=product&#038;p=1592"},"modified":"2026-03-18T17:20:14","modified_gmt":"2026-03-18T16:20:14","slug":"magnum-barbaresco-docg-rocche-massalupo-tenuta-barac","status":"publish","type":"product","link":"https:\/\/wines.baracshop.it\/fr\/prodotto\/magnum-barbaresco-docg-rocche-massalupo-tenuta-barac\/","title":{"rendered":"Magnum Barbaresco DOCG Rocche Massalupo"},"content":{"rendered":"<p class=\"p1 translation-block\">Vinification\u00a0: Les raisins Nebbiolo du Barbaresco Rocche Massalupo proviennent d'un seul vignoble, s\u00e9lectionn\u00e9 pour son exposition particuli\u00e8re au soleil. Les raisins, vendang\u00e9s \u00e0 la main, sont tri\u00e9s, \u00e9grapp\u00e9s et foul\u00e9s. La fermentation et la mac\u00e9ration durent environ 10\u00a0jours en cuves inox \u00e0 une temp\u00e9rature contr\u00f4l\u00e9e entre 26 et 28\u00a0\u00b0C. Apr\u00e8s la fermentation malolactique, le vin s'affine pendant 12\u00a0mois en f\u00fbts de ch\u00eane. Il poursuit ensuite son affinage en bouteille, o\u00f9 il terminera sa maturation.<\/p>\n<p class=\"p1 translation-block\"><strong>Caract\u00e9ristiques organoleptiques<\/strong>\u00a0: Couleur rouge rubis aux reflets grenat. Bouquet intense aux notes pr\u00e9dominantes de violettes fan\u00e9es, de cerises m\u00fbres et de tabac. Tanins enveloppants et \u00e9l\u00e9gants, caract\u00e9ristiques du c\u00e9page. Go\u00fbt ample et persistant.<\/p>\n<p class=\"p1 translation-block\">Accords mets et vins : viandes rouges, gibiers et fromages moyennement affin\u00e9s.<\/p>\n<p class=\"p1 translation-block\"><strong>Temp\u00e9rature id\u00e9ale de service\u00a0:<\/strong>\u00a016\u00b0 \u2013 18\u00b0<\/p>\n<p>&nbsp;<\/p>\n<div id='gallery-1' class='gallery galleryid-1592 gallery-columns-3 gallery-size-thumbnail'><figure class='gallery-item'>\n\t\t\t<div class='gallery-icon landscape'>\n\t\t\t\t<a href='https:\/\/wines.baracshop.it\/fr\/?attachment_id=1487'><img loading=\"lazy\" decoding=\"async\" width=\"150\" height=\"150\" src=\"https:\/\/wines.baracshop.it\/wp-content\/uploads\/2017\/01\/Tenuta-Barac-004-150x150.jpg\" class=\"attachment-thumbnail size-thumbnail\" alt=\"\" srcset=\"https:\/\/wines.baracshop.it\/wp-content\/uploads\/2017\/01\/Tenuta-Barac-004-150x150.jpg 150w, https:\/\/wines.baracshop.it\/wp-content\/uploads\/2017\/01\/Tenuta-Barac-004-100x100.jpg 100w, https:\/\/wines.baracshop.it\/wp-content\/uploads\/2017\/01\/Tenuta-Barac-004-300x300.jpg 300w, https:\/\/wines.baracshop.it\/wp-content\/uploads\/2017\/01\/Tenuta-Barac-004-370x370.jpg 370w, https:\/\/wines.baracshop.it\/wp-content\/uploads\/2017\/01\/Tenuta-Barac-004-90x90.jpg 90w, https:\/\/wines.baracshop.it\/wp-content\/uploads\/2017\/01\/Tenuta-Barac-004.jpg 600w\" sizes=\"auto, (max-width: 150px) 100vw, 150px\" \/><\/a>\n\t\t\t<\/div><\/figure><figure class='gallery-item'>\n\t\t\t<div class='gallery-icon landscape'>\n\t\t\t\t<a href='https:\/\/wines.baracshop.it\/fr\/?attachment_id=1497'><img loading=\"lazy\" decoding=\"async\" width=\"150\" height=\"150\" src=\"https:\/\/wines.baracshop.it\/wp-content\/uploads\/2017\/01\/Tenuta-Barac-014-150x150.jpg\" class=\"attachment-thumbnail size-thumbnail\" alt=\"\" srcset=\"https:\/\/wines.baracshop.it\/wp-content\/uploads\/2017\/01\/Tenuta-Barac-014-150x150.jpg 150w, https:\/\/wines.baracshop.it\/wp-content\/uploads\/2017\/01\/Tenuta-Barac-014-100x100.jpg 100w, https:\/\/wines.baracshop.it\/wp-content\/uploads\/2017\/01\/Tenuta-Barac-014-300x300.jpg 300w, https:\/\/wines.baracshop.it\/wp-content\/uploads\/2017\/01\/Tenuta-Barac-014-370x370.jpg 370w, https:\/\/wines.baracshop.it\/wp-content\/uploads\/2017\/01\/Tenuta-Barac-014-90x90.jpg 90w, https:\/\/wines.baracshop.it\/wp-content\/uploads\/2017\/01\/Tenuta-Barac-014.jpg 600w\" sizes=\"auto, (max-width: 150px) 100vw, 150px\" \/><\/a>\n\t\t\t<\/div><\/figure><figure class='gallery-item'>\n\t\t\t<div class='gallery-icon landscape'>\n\t\t\t\t<a href='https:\/\/wines.baracshop.it\/fr\/?attachment_id=1488'><img loading=\"lazy\" decoding=\"async\" width=\"150\" height=\"150\" src=\"https:\/\/wines.baracshop.it\/wp-content\/uploads\/2017\/01\/Tenuta-Barac-005-150x150.jpg\" class=\"attachment-thumbnail size-thumbnail\" alt=\"\" srcset=\"https:\/\/wines.baracshop.it\/wp-content\/uploads\/2017\/01\/Tenuta-Barac-005-150x150.jpg 150w, https:\/\/wines.baracshop.it\/wp-content\/uploads\/2017\/01\/Tenuta-Barac-005-100x100.jpg 100w, https:\/\/wines.baracshop.it\/wp-content\/uploads\/2017\/01\/Tenuta-Barac-005-300x300.jpg 300w, https:\/\/wines.baracshop.it\/wp-content\/uploads\/2017\/01\/Tenuta-Barac-005-370x370.jpg 370w, https:\/\/wines.baracshop.it\/wp-content\/uploads\/2017\/01\/Tenuta-Barac-005-90x90.jpg 90w, https:\/\/wines.baracshop.it\/wp-content\/uploads\/2017\/01\/Tenuta-Barac-005.jpg 600w\" sizes=\"auto, (max-width: 150px) 100vw, 150px\" \/><\/a>\n\t\t\t<\/div><\/figure>\n\t\t<\/div>","protected":false},"excerpt":{"rendered":"<p class=\"p1\">Magnum Barbaresco DOCG Rocche Massalupo.<\/p>\n<p>Les raisins Nebbiolo du Barbaresco Rocche Massalupo proviennent d'un seul vignoble, s\u00e9lectionn\u00e9 pour son exposition particuli\u00e8re au soleil.<\/p>\n<p class=\"p1\">1500ml<\/p>","protected":false},"featured_media":1638,"template":"","meta":[],"product_cat":[35],"product_tag":[88,30],"class_list":["post-1592","product","type-product","status-publish","has-post-thumbnail","hentry","product_cat-magnum","product_tag-red-wine","product_tag-wine"],"aioseo_notices":[],"_links":{"self":[{"href":"https:\/\/wines.baracshop.it\/fr\/wp-json\/wp\/v2\/product\/1592","targetHints":{"allow":["GET"]}}],"collection":[{"href":"https:\/\/wines.baracshop.it\/fr\/wp-json\/wp\/v2\/product"}],"about":[{"href":"https:\/\/wines.baracshop.it\/fr\/wp-json\/wp\/v2\/types\/product"}],"wp:featuredmedia":[{"embeddable":true,"href":"https:\/\/wines.baracshop.it\/fr\/wp-json\/wp\/v2\/media\/1638"}],"wp:attachment":[{"href":"https:\/\/wines.baracshop.it\/fr\/wp-json\/wp\/v2\/media?parent=1592"}],"wp:term":[{"taxonomy":"product_cat","embeddable":true,"href":"https:\/\/wines.baracshop.it\/fr\/wp-json\/wp\/v2\/product_cat?post=1592"},{"taxonomy":"product_tag","embeddable":true,"href":"https:\/\/wines.baracshop.it\/fr\/wp-json\/wp\/v2\/product_tag?post=1592"}],"curies":[{"name":"wp","href":"https:\/\/api.w.org\/{rel}","templated":true}]}}