{"id":1751,"date":"2023-02-23T14:59:16","date_gmt":"2023-02-23T13:59:16","guid":{"rendered":"https:\/\/wines.baracshop.it\/?post_type=product&#038;p=1751"},"modified":"2026-03-18T17:35:38","modified_gmt":"2026-03-18T16:35:38","slug":"box-langhe-rosato","status":"publish","type":"product","link":"https:\/\/wines.baracshop.it\/fr\/prodotto\/box-langhe-rosato\/","title":{"rendered":"BOX Langhe Rosato"},"content":{"rendered":"<h4>Langhe Rosato DOC 2024 \u2013 6 bouteilles<\/h4>\n<p class=\"p1 translation-block\">Vinification\u00a0: Les raisins Nebbiolo (100\u00a0%) sont r\u00e9colt\u00e9s \u00e0 la main quelques jours avant la maturation traditionnelle. Le Nebbiolo est foul\u00e9 et mac\u00e9r\u00e9 quelques heures. Un pressurage doux permet de s\u00e9parer les peaux du mo\u00fbt, qui d\u00e9cante dans des cuves thermor\u00e9gul\u00e9es \u00e0 11\u00a0\u00b0C. Le mo\u00fbt fermente pendant environ 20\u00a0jours \u00e0 18\u00a0\u00b0C. \u00c9levage en cuve inox pendant 5\u00a0mois. Il poursuit ensuite son \u00e9levage en bouteille.<\/p>\n<p class=\"translation-block\">Caract\u00e9ristiques organoleptiques\u00a0: Belle robe rose p\u00e2le aux reflets orang\u00e9s. Le bouquet est fruit\u00e9 avec des notes de framboise et de fraise des bois. La bouche est fra\u00eeche, s\u00e8che et souple. L'\u00e9quilibre est assur\u00e9 par une finale agr\u00e9ablement ronde.<\/p>\n<p class=\"translation-block\">Accords mets et vins\u00a0: Excellent en ap\u00e9ritif. Id\u00e9al avec des hors-d\u2019\u0153uvre, du poisson et des plats l\u00e9g\u00e8rement \u00e9pic\u00e9s.<\/p>\n<p class=\"translation-block\"><strong>Temp\u00e9rature id\u00e9ale de service<\/strong>\u00a0: 8\u00b0 \u2013 10\u00b0<\/p>\n<p>&nbsp;<\/p>\n<div id='gallery-1' class='gallery galleryid-1751 gallery-columns-3 gallery-size-thumbnail'><figure class='gallery-item'>\n\t\t\t<div class='gallery-icon landscape'>\n\t\t\t\t<a href='https:\/\/wines.baracshop.it\/fr\/?attachment_id=1500'><img loading=\"lazy\" decoding=\"async\" width=\"150\" height=\"150\" src=\"https:\/\/wines.baracshop.it\/wp-content\/uploads\/2017\/01\/Tenuta-Barac-017-150x150.jpg\" class=\"attachment-thumbnail size-thumbnail\" alt=\"\" srcset=\"https:\/\/wines.baracshop.it\/wp-content\/uploads\/2017\/01\/Tenuta-Barac-017-150x150.jpg 150w, https:\/\/wines.baracshop.it\/wp-content\/uploads\/2017\/01\/Tenuta-Barac-017-100x100.jpg 100w, https:\/\/wines.baracshop.it\/wp-content\/uploads\/2017\/01\/Tenuta-Barac-017-300x300.jpg 300w, https:\/\/wines.baracshop.it\/wp-content\/uploads\/2017\/01\/Tenuta-Barac-017-370x370.jpg 370w, https:\/\/wines.baracshop.it\/wp-content\/uploads\/2017\/01\/Tenuta-Barac-017-90x90.jpg 90w, https:\/\/wines.baracshop.it\/wp-content\/uploads\/2017\/01\/Tenuta-Barac-017.jpg 600w\" sizes=\"auto, (max-width: 150px) 100vw, 150px\" \/><\/a>\n\t\t\t<\/div><\/figure><figure class='gallery-item'>\n\t\t\t<div class='gallery-icon landscape'>\n\t\t\t\t<a href='https:\/\/wines.baracshop.it\/fr\/?attachment_id=1494'><img loading=\"lazy\" decoding=\"async\" width=\"150\" height=\"150\" src=\"https:\/\/wines.baracshop.it\/wp-content\/uploads\/2017\/01\/Tenuta-Barac-011-150x150.jpg\" class=\"attachment-thumbnail size-thumbnail\" alt=\"\" srcset=\"https:\/\/wines.baracshop.it\/wp-content\/uploads\/2017\/01\/Tenuta-Barac-011-150x150.jpg 150w, https:\/\/wines.baracshop.it\/wp-content\/uploads\/2017\/01\/Tenuta-Barac-011-100x100.jpg 100w, https:\/\/wines.baracshop.it\/wp-content\/uploads\/2017\/01\/Tenuta-Barac-011-300x300.jpg 300w, https:\/\/wines.baracshop.it\/wp-content\/uploads\/2017\/01\/Tenuta-Barac-011-370x370.jpg 370w, https:\/\/wines.baracshop.it\/wp-content\/uploads\/2017\/01\/Tenuta-Barac-011-90x90.jpg 90w, https:\/\/wines.baracshop.it\/wp-content\/uploads\/2017\/01\/Tenuta-Barac-011.jpg 600w\" sizes=\"auto, (max-width: 150px) 100vw, 150px\" \/><\/a>\n\t\t\t<\/div><\/figure><figure class='gallery-item'>\n\t\t\t<div class='gallery-icon landscape'>\n\t\t\t\t<a href='https:\/\/wines.baracshop.it\/fr\/?attachment_id=1491'><img loading=\"lazy\" decoding=\"async\" width=\"150\" height=\"150\" src=\"https:\/\/wines.baracshop.it\/wp-content\/uploads\/2017\/01\/Tenuta-Barac-008-150x150.jpg\" class=\"attachment-thumbnail size-thumbnail\" alt=\"\" srcset=\"https:\/\/wines.baracshop.it\/wp-content\/uploads\/2017\/01\/Tenuta-Barac-008-150x150.jpg 150w, https:\/\/wines.baracshop.it\/wp-content\/uploads\/2017\/01\/Tenuta-Barac-008-100x100.jpg 100w, https:\/\/wines.baracshop.it\/wp-content\/uploads\/2017\/01\/Tenuta-Barac-008-300x300.jpg 300w, https:\/\/wines.baracshop.it\/wp-content\/uploads\/2017\/01\/Tenuta-Barac-008-370x370.jpg 370w, https:\/\/wines.baracshop.it\/wp-content\/uploads\/2017\/01\/Tenuta-Barac-008-90x90.jpg 90w, https:\/\/wines.baracshop.it\/wp-content\/uploads\/2017\/01\/Tenuta-Barac-008.jpg 600w\" sizes=\"auto, (max-width: 150px) 100vw, 150px\" \/><\/a>\n\t\t\t<\/div><\/figure>\n\t\t<\/div>","protected":false},"excerpt":{"rendered":"<p>Le coffret id\u00e9al pour un approvisionnement en Langhe Rosato DOC 2024<\/p>","protected":false},"featured_media":1838,"template":"","meta":[],"product_cat":[52,34],"product_tag":[86,30],"class_list":["post-1751","product","type-product","status-publish","has-post-thumbnail","hentry","product_cat-box","product_cat-rose-wine","product_tag-rose-wine","product_tag-wine"],"aioseo_notices":[],"_links":{"self":[{"href":"https:\/\/wines.baracshop.it\/fr\/wp-json\/wp\/v2\/product\/1751","targetHints":{"allow":["GET"]}}],"collection":[{"href":"https:\/\/wines.baracshop.it\/fr\/wp-json\/wp\/v2\/product"}],"about":[{"href":"https:\/\/wines.baracshop.it\/fr\/wp-json\/wp\/v2\/types\/product"}],"wp:featuredmedia":[{"embeddable":true,"href":"https:\/\/wines.baracshop.it\/fr\/wp-json\/wp\/v2\/media\/1838"}],"wp:attachment":[{"href":"https:\/\/wines.baracshop.it\/fr\/wp-json\/wp\/v2\/media?parent=1751"}],"wp:term":[{"taxonomy":"product_cat","embeddable":true,"href":"https:\/\/wines.baracshop.it\/fr\/wp-json\/wp\/v2\/product_cat?post=1751"},{"taxonomy":"product_tag","embeddable":true,"href":"https:\/\/wines.baracshop.it\/fr\/wp-json\/wp\/v2\/product_tag?post=1751"}],"curies":[{"name":"wp","href":"https:\/\/api.w.org\/{rel}","templated":true}]}}