{"id":1754,"date":"2023-02-23T15:08:16","date_gmt":"2023-02-23T14:08:16","guid":{"rendered":"https:\/\/wines.baracshop.it\/?post_type=product&#038;p=1754"},"modified":"2026-03-18T17:34:29","modified_gmt":"2026-03-18T16:34:29","slug":"box-moscato-dasti-docg-2022-tenuta-barac","status":"publish","type":"product","link":"https:\/\/wines.baracshop.it\/fr\/prodotto\/box-moscato-dasti-docg-2022-tenuta-barac\/","title":{"rendered":"BOX Moscato d&#8217;Asti DOCG"},"content":{"rendered":"<h4>Moscato d'Asti DOCG 2024 \u2013 6 bouteilles<\/h4>\n<p class=\"p1 translation-block\">Vinification\u00a0: Les raisins, vendang\u00e9s \u00e0 la main, sont tri\u00e9s. Le mo\u00fbt obtenu par un pressurage doux et rapide est imm\u00e9diatement r\u00e9frig\u00e9r\u00e9 pour stopper la fermentation et conserv\u00e9 \u00e0 -2\u00a0\u00b0C. La fermentation se d\u00e9roule en autoclave et se poursuit lorsque le degr\u00e9 alcoolique atteint 5\u00a0\u00b0C. La fermentation est ensuite interrompue, ramenant le vin \u00e0 une temp\u00e9rature froide afin de pr\u00e9server tous les parfums et ar\u00f4mes typiques du c\u00e9page.<\/p>\n<p class=\"translation-block\">Caract\u00e9ristiques organoleptiques\u00a0: Robe jaune paille brillante, avec un perlage fin et persistant. En bouche, il est ample et enveloppant, jamais \u00e9coeurant. Riche en ar\u00f4mes caract\u00e9ristiques du c\u00e9page muscat, comme la fleur d'oranger et la p\u00eache. Un vin \u00e9l\u00e9gant et frais.<\/p>\n<p class=\"translation-block\"><strong>Accords<\/strong> : Le Moscato d\u2019Asti est parfait avec les desserts ou comme ap\u00e9ritif frais et l\u00e9ger.<\/p>\n<p class=\"translation-block\"><strong>Temp\u00e9rature id\u00e9ale de service\u00a0:<\/strong> 6\u00b0 \u2013 8\u00b0<\/p>\n<p>&nbsp;<\/p>\n<div id='gallery-1' class='gallery galleryid-1754 gallery-columns-3 gallery-size-thumbnail'><figure class='gallery-item'>\n\t\t\t<div class='gallery-icon landscape'>\n\t\t\t\t<a href='https:\/\/wines.baracshop.it\/fr\/?attachment_id=1525'><img loading=\"lazy\" decoding=\"async\" width=\"150\" height=\"150\" src=\"https:\/\/wines.baracshop.it\/wp-content\/uploads\/2022\/06\/Tenuta-Barac-020-150x150.jpg\" class=\"attachment-thumbnail size-thumbnail\" alt=\"\" srcset=\"https:\/\/wines.baracshop.it\/wp-content\/uploads\/2022\/06\/Tenuta-Barac-020-150x150.jpg 150w, https:\/\/wines.baracshop.it\/wp-content\/uploads\/2022\/06\/Tenuta-Barac-020-100x100.jpg 100w, https:\/\/wines.baracshop.it\/wp-content\/uploads\/2022\/06\/Tenuta-Barac-020-300x300.jpg 300w, https:\/\/wines.baracshop.it\/wp-content\/uploads\/2022\/06\/Tenuta-Barac-020-370x370.jpg 370w, https:\/\/wines.baracshop.it\/wp-content\/uploads\/2022\/06\/Tenuta-Barac-020-90x90.jpg 90w, https:\/\/wines.baracshop.it\/wp-content\/uploads\/2022\/06\/Tenuta-Barac-020.jpg 600w\" sizes=\"auto, (max-width: 150px) 100vw, 150px\" \/><\/a>\n\t\t\t<\/div><\/figure><figure class='gallery-item'>\n\t\t\t<div class='gallery-icon landscape'>\n\t\t\t\t<a href='https:\/\/wines.baracshop.it\/fr\/?attachment_id=1914'><img loading=\"lazy\" decoding=\"async\" width=\"150\" height=\"150\" src=\"https:\/\/wines.baracshop.it\/wp-content\/uploads\/2022\/06\/immagine-torta-150x150.jpg\" class=\"attachment-thumbnail size-thumbnail\" alt=\"\" srcset=\"https:\/\/wines.baracshop.it\/wp-content\/uploads\/2022\/06\/immagine-torta-150x150.jpg 150w, https:\/\/wines.baracshop.it\/wp-content\/uploads\/2022\/06\/immagine-torta-90x90.jpg 90w, https:\/\/wines.baracshop.it\/wp-content\/uploads\/2022\/06\/immagine-torta-100x100.jpg 100w\" sizes=\"auto, (max-width: 150px) 100vw, 150px\" \/><\/a>\n\t\t\t<\/div><\/figure><figure class='gallery-item'>\n\t\t\t<div class='gallery-icon landscape'>\n\t\t\t\t<a href='https:\/\/wines.baracshop.it\/fr\/?attachment_id=1913'><img loading=\"lazy\" decoding=\"async\" width=\"150\" height=\"150\" src=\"https:\/\/wines.baracshop.it\/wp-content\/uploads\/2022\/06\/immagine-pasticcini-150x150.jpg\" class=\"attachment-thumbnail size-thumbnail\" alt=\"\" srcset=\"https:\/\/wines.baracshop.it\/wp-content\/uploads\/2022\/06\/immagine-pasticcini-150x150.jpg 150w, https:\/\/wines.baracshop.it\/wp-content\/uploads\/2022\/06\/immagine-pasticcini-90x90.jpg 90w, https:\/\/wines.baracshop.it\/wp-content\/uploads\/2022\/06\/immagine-pasticcini-100x100.jpg 100w\" sizes=\"auto, (max-width: 150px) 100vw, 150px\" \/><\/a>\n\t\t\t<\/div><\/figure>\n\t\t<\/div>","protected":false},"excerpt":{"rendered":"<p>Le coffret id\u00e9al pour un approvisionnement en Moscato d\u2019Asti DOCG 2024<\/p>\n<p>Riche en ar\u00f4mes caract\u00e9ristiques du muscat, tels que la fleur d'oranger et la p\u00eache. Un vin \u00e9l\u00e9gant et frais.<\/p>\n<p>&nbsp;<\/p>","protected":false},"featured_media":1840,"template":"","meta":[],"product_cat":[52,36],"product_tag":[87,30],"class_list":["post-1754","product","type-product","status-publish","has-post-thumbnail","hentry","product_cat-box","product_cat-white-wine","product_tag-white-wine","product_tag-wine"],"aioseo_notices":[],"_links":{"self":[{"href":"https:\/\/wines.baracshop.it\/fr\/wp-json\/wp\/v2\/product\/1754","targetHints":{"allow":["GET"]}}],"collection":[{"href":"https:\/\/wines.baracshop.it\/fr\/wp-json\/wp\/v2\/product"}],"about":[{"href":"https:\/\/wines.baracshop.it\/fr\/wp-json\/wp\/v2\/types\/product"}],"wp:featuredmedia":[{"embeddable":true,"href":"https:\/\/wines.baracshop.it\/fr\/wp-json\/wp\/v2\/media\/1840"}],"wp:attachment":[{"href":"https:\/\/wines.baracshop.it\/fr\/wp-json\/wp\/v2\/media?parent=1754"}],"wp:term":[{"taxonomy":"product_cat","embeddable":true,"href":"https:\/\/wines.baracshop.it\/fr\/wp-json\/wp\/v2\/product_cat?post=1754"},{"taxonomy":"product_tag","embeddable":true,"href":"https:\/\/wines.baracshop.it\/fr\/wp-json\/wp\/v2\/product_tag?post=1754"}],"curies":[{"name":"wp","href":"https:\/\/api.w.org\/{rel}","templated":true}]}}