{"id":1757,"date":"2023-02-23T15:18:01","date_gmt":"2023-02-23T14:18:01","guid":{"rendered":"https:\/\/wines.baracshop.it\/?post_type=product&#038;p=1757"},"modified":"2026-03-18T17:35:04","modified_gmt":"2026-03-18T16:35:04","slug":"box-occasione-speciale-tenuta-barac","status":"publish","type":"product","link":"https:\/\/wines.baracshop.it\/fr\/prodotto\/box-occasione-speciale-tenuta-barac\/","title":{"rendered":"BOX Special Occasion"},"content":{"rendered":"<h4>Spumante Brut Ros\u00e8 Metodo Classico Nebbiolo d'Alba 2020 \u2013 6 bouteilles<\/h4>\n<p class=\"p1 translation-block\">Vinification\u00a0: Les raisins Nebbiolo (100\u00a0%) sont r\u00e9colt\u00e9s \u00e0 la main, avant la maturation traditionnelle. Le Nebbiolo est foul\u00e9 et mac\u00e9r\u00e9 pendant environ 6\u00a0heures. Apr\u00e8s un pressurage doux, les peaux sont s\u00e9par\u00e9es du mo\u00fbt, qui d\u00e9cante dans des cuves thermor\u00e9gul\u00e9es \u00e0 18\u00a0\u00b0C. La fermentation se termine en 20\u00a0jours environ. Le vin est mis en bouteille et vieillit 39\u00a0mois sur lies, avec remuage de la bouteille, avant le d\u00e9gorgement.<\/p>\n<p class=\"translation-block\" data-start=\"46\" data-end=\"228\"><strong data-start=\"46\" data-end=\"57\">Ar\u00f4mes\u00a0:<\/strong>\u00a0Notes d\u00e9licates de fruits exotiques, d'essences florales de rose et de baies rouges fra\u00eechement cueillies. L'\u00e9quilibre entre acidit\u00e9 et douceur cr\u00e9e une gorg\u00e9e savoureuse et ronde.<\/p>\n<p class=\"translation-block\">Accords mets et vins\u00a0: Excellent \u00e0 l\u2019ap\u00e9ritif. Id\u00e9al avec des entr\u00e9es, des charcuteries et des poissons.<\/p>\n<p class=\"translation-block\"><strong>Temp\u00e9rature id\u00e9ale de service\u00a0:<\/strong> 6\u00b0 \u2013 8\u00b0<\/p>\n<p>*Emballage : Ce produit ne peut pas \u00eatre vendu dans des packs personnalis\u00e9s Tenuta Bar\u00e0c.<\/p>\n<p>&nbsp;<\/p>\n<div id='gallery-1' class='gallery galleryid-1757 gallery-columns-3 gallery-size-thumbnail'><figure class='gallery-item'>\n\t\t\t<div class='gallery-icon landscape'>\n\t\t\t\t<a href='https:\/\/wines.baracshop.it\/fr\/?attachment_id=1485'><img loading=\"lazy\" decoding=\"async\" width=\"150\" height=\"150\" src=\"https:\/\/wines.baracshop.it\/wp-content\/uploads\/2017\/01\/Tenuta-Barac-002-150x150.jpg\" class=\"attachment-thumbnail size-thumbnail\" alt=\"\" srcset=\"https:\/\/wines.baracshop.it\/wp-content\/uploads\/2017\/01\/Tenuta-Barac-002-150x150.jpg 150w, https:\/\/wines.baracshop.it\/wp-content\/uploads\/2017\/01\/Tenuta-Barac-002-100x100.jpg 100w, https:\/\/wines.baracshop.it\/wp-content\/uploads\/2017\/01\/Tenuta-Barac-002-300x300.jpg 300w, https:\/\/wines.baracshop.it\/wp-content\/uploads\/2017\/01\/Tenuta-Barac-002-370x370.jpg 370w, https:\/\/wines.baracshop.it\/wp-content\/uploads\/2017\/01\/Tenuta-Barac-002-90x90.jpg 90w, https:\/\/wines.baracshop.it\/wp-content\/uploads\/2017\/01\/Tenuta-Barac-002.jpg 600w\" sizes=\"auto, (max-width: 150px) 100vw, 150px\" \/><\/a>\n\t\t\t<\/div><\/figure><figure class='gallery-item'>\n\t\t\t<div class='gallery-icon landscape'>\n\t\t\t\t<a href='https:\/\/wines.baracshop.it\/fr\/?attachment_id=1496'><img loading=\"lazy\" decoding=\"async\" width=\"150\" height=\"150\" src=\"https:\/\/wines.baracshop.it\/wp-content\/uploads\/2017\/01\/Tenuta-Barac-013-150x150.jpg\" class=\"attachment-thumbnail size-thumbnail\" alt=\"\" srcset=\"https:\/\/wines.baracshop.it\/wp-content\/uploads\/2017\/01\/Tenuta-Barac-013-150x150.jpg 150w, https:\/\/wines.baracshop.it\/wp-content\/uploads\/2017\/01\/Tenuta-Barac-013-100x100.jpg 100w, https:\/\/wines.baracshop.it\/wp-content\/uploads\/2017\/01\/Tenuta-Barac-013-300x300.jpg 300w, https:\/\/wines.baracshop.it\/wp-content\/uploads\/2017\/01\/Tenuta-Barac-013-370x370.jpg 370w, https:\/\/wines.baracshop.it\/wp-content\/uploads\/2017\/01\/Tenuta-Barac-013-90x90.jpg 90w, https:\/\/wines.baracshop.it\/wp-content\/uploads\/2017\/01\/Tenuta-Barac-013.jpg 600w\" sizes=\"auto, (max-width: 150px) 100vw, 150px\" \/><\/a>\n\t\t\t<\/div><\/figure><figure class='gallery-item'>\n\t\t\t<div class='gallery-icon landscape'>\n\t\t\t\t<a href='https:\/\/wines.baracshop.it\/fr\/?attachment_id=1491'><img loading=\"lazy\" decoding=\"async\" width=\"150\" height=\"150\" src=\"https:\/\/wines.baracshop.it\/wp-content\/uploads\/2017\/01\/Tenuta-Barac-008-150x150.jpg\" class=\"attachment-thumbnail size-thumbnail\" alt=\"\" srcset=\"https:\/\/wines.baracshop.it\/wp-content\/uploads\/2017\/01\/Tenuta-Barac-008-150x150.jpg 150w, https:\/\/wines.baracshop.it\/wp-content\/uploads\/2017\/01\/Tenuta-Barac-008-100x100.jpg 100w, https:\/\/wines.baracshop.it\/wp-content\/uploads\/2017\/01\/Tenuta-Barac-008-300x300.jpg 300w, https:\/\/wines.baracshop.it\/wp-content\/uploads\/2017\/01\/Tenuta-Barac-008-370x370.jpg 370w, https:\/\/wines.baracshop.it\/wp-content\/uploads\/2017\/01\/Tenuta-Barac-008-90x90.jpg 90w, https:\/\/wines.baracshop.it\/wp-content\/uploads\/2017\/01\/Tenuta-Barac-008.jpg 600w\" sizes=\"auto, (max-width: 150px) 100vw, 150px\" \/><\/a>\n\t\t\t<\/div><\/figure>\n\t\t<\/div>","protected":false},"excerpt":{"rendered":"<p>Le coffret id\u00e9al pour un approvisionnement en Spumante Brut Ros\u00e8 Metodo Classico Nebbiolo d\u2019Alba 2020<\/p>\n<p>Notes d\u00e9licates de fruits exotiques, d'essences florales de rose et de baies rouges fra\u00eechement cueillies.<\/p>","protected":false},"featured_media":1841,"template":"","meta":[],"product_cat":[52,34],"product_tag":[87,30],"class_list":["post-1757","product","type-product","status-publish","has-post-thumbnail","hentry","product_cat-box","product_cat-rose-wine","product_tag-white-wine","product_tag-wine"],"aioseo_notices":[],"_links":{"self":[{"href":"https:\/\/wines.baracshop.it\/fr\/wp-json\/wp\/v2\/product\/1757","targetHints":{"allow":["GET"]}}],"collection":[{"href":"https:\/\/wines.baracshop.it\/fr\/wp-json\/wp\/v2\/product"}],"about":[{"href":"https:\/\/wines.baracshop.it\/fr\/wp-json\/wp\/v2\/types\/product"}],"wp:featuredmedia":[{"embeddable":true,"href":"https:\/\/wines.baracshop.it\/fr\/wp-json\/wp\/v2\/media\/1841"}],"wp:attachment":[{"href":"https:\/\/wines.baracshop.it\/fr\/wp-json\/wp\/v2\/media?parent=1757"}],"wp:term":[{"taxonomy":"product_cat","embeddable":true,"href":"https:\/\/wines.baracshop.it\/fr\/wp-json\/wp\/v2\/product_cat?post=1757"},{"taxonomy":"product_tag","embeddable":true,"href":"https:\/\/wines.baracshop.it\/fr\/wp-json\/wp\/v2\/product_tag?post=1757"}],"curies":[{"name":"wp","href":"https:\/\/api.w.org\/{rel}","templated":true}]}}