{"id":1769,"date":"2023-02-23T15:50:33","date_gmt":"2023-02-23T14:50:33","guid":{"rendered":"https:\/\/wines.baracshop.it\/?post_type=product&#038;p=1769"},"modified":"2026-03-18T21:41:00","modified_gmt":"2026-03-18T20:41:00","slug":"box-barolo-tenuta-barac","status":"publish","type":"product","link":"https:\/\/wines.baracshop.it\/fr\/prodotto\/box-barolo-tenuta-barac\/","title":{"rendered":"BOX Barolo Cerviano Merli"},"content":{"rendered":"<h4>Barolo DOCG Cerviano-Merli \u2013 6 bouteilles<\/h4>\n<p class=\"translation-block\"><strong>Vinification<\/strong> : Le Barolo Cerviano-Merli est produit avec des raisins Nebbiolo de notre vignoble situ\u00e9 \u00e0 Novello. Les raisins cueillis \u00e0 la main sont s\u00e9lectionn\u00e9s, \u00e9grapp\u00e9s et foul\u00e9s. La fermentation et la mac\u00e9ration ont lieu dans des cuves en acier, \u00e0 une temp\u00e9rature contr\u00f4l\u00e9e entre 26\u00b0-28\u00b0C. Elles durent 10 jours. Apr\u00e8s la fermentation malolactique, le vin est \u00e9lev\u00e9 pendant 18 mois dans de grands f\u00fbts en bois. Ensuite, le vin compl\u00e8te sa maturation en bouteille.<\/p>\n<p class=\"p1 translation-block\"><strong>Caract\u00e9ristiques organoleptiques<\/strong>\u00a0: Robe rouge grenat aux reflets rubis. Le nez est intense avec des notes d\u2019\u00e9pices, de rose fan\u00e9e et de sous-bois. La bouche est s\u00e8che et douce, \u00e9quilibr\u00e9e et puissante. La buvabilit\u00e9 est velout\u00e9e et bien \u00e9quilibr\u00e9e avec une tr\u00e8s longue finale.<\/p>\n<p class=\"p1 translation-block\">Accords mets et vins\u00a0: Viandes rouges et fromages moyennement affin\u00e9s. Excellent \u00e9galement en fin de repas.<\/p>\n<p class=\"p1 translation-block\"><strong>Temp\u00e9rature id\u00e9ale de service\u00a0:<\/strong>\u00a016\u00b0 \u2013 18\u00b0<\/p>\n<p class=\"translation-block\"><strong><a href=\"https:\/\/wines.baracshop.it\/wp-content\/uploads\/2022\/07\/Certificate_DWWA2022-Barolo.pdf\" target=\"_self\">PRIX 2021\u00a0:\u00a0<\/a><a href=\"https:\/\/wines.baracshop.it\/wp-content\/uploads\/2022\/06\/Certificate_DWWA2021-Barolo.pdf\" target=\"_self\">Prix Decanter Gold \u2013 95 points<\/a><a href=\"https:\/\/wines.baracshop.it\/wp-content\/uploads\/2022\/07\/Certificate_DWWA2022-Barolo.pdf\" target=\"_self\"><br>\nPRIX 2022\u00a0:\u00a0<\/a><a href=\"https:\/\/wines.baracshop.it\/wp-content\/uploads\/2022\/07\/Certificate_DWWA2022-Barolo.pdf\" target=\"_self\">Prix Argent Decanter \u2013 92 points<\/a><\/strong><\/p>\n<p>&nbsp;<\/p>\n<div id='gallery-1' class='gallery galleryid-1769 gallery-columns-3 gallery-size-thumbnail'><figure class='gallery-item'>\n\t\t\t<div class='gallery-icon landscape'>\n\t\t\t\t<a href='https:\/\/wines.baracshop.it\/fr\/?attachment_id=1487'><img loading=\"lazy\" decoding=\"async\" width=\"150\" height=\"150\" src=\"https:\/\/wines.baracshop.it\/wp-content\/uploads\/2017\/01\/Tenuta-Barac-004-150x150.jpg\" class=\"attachment-thumbnail size-thumbnail\" alt=\"\" srcset=\"https:\/\/wines.baracshop.it\/wp-content\/uploads\/2017\/01\/Tenuta-Barac-004-150x150.jpg 150w, https:\/\/wines.baracshop.it\/wp-content\/uploads\/2017\/01\/Tenuta-Barac-004-100x100.jpg 100w, https:\/\/wines.baracshop.it\/wp-content\/uploads\/2017\/01\/Tenuta-Barac-004-300x300.jpg 300w, https:\/\/wines.baracshop.it\/wp-content\/uploads\/2017\/01\/Tenuta-Barac-004-370x370.jpg 370w, https:\/\/wines.baracshop.it\/wp-content\/uploads\/2017\/01\/Tenuta-Barac-004-90x90.jpg 90w, https:\/\/wines.baracshop.it\/wp-content\/uploads\/2017\/01\/Tenuta-Barac-004.jpg 600w\" sizes=\"auto, (max-width: 150px) 100vw, 150px\" \/><\/a>\n\t\t\t<\/div><\/figure><figure class='gallery-item'>\n\t\t\t<div class='gallery-icon landscape'>\n\t\t\t\t<a href='https:\/\/wines.baracshop.it\/fr\/?attachment_id=1498'><img loading=\"lazy\" decoding=\"async\" width=\"150\" height=\"150\" src=\"https:\/\/wines.baracshop.it\/wp-content\/uploads\/2017\/01\/Tenuta-Barac-015-150x150.jpg\" class=\"attachment-thumbnail size-thumbnail\" alt=\"\" srcset=\"https:\/\/wines.baracshop.it\/wp-content\/uploads\/2017\/01\/Tenuta-Barac-015-150x150.jpg 150w, https:\/\/wines.baracshop.it\/wp-content\/uploads\/2017\/01\/Tenuta-Barac-015-100x100.jpg 100w, https:\/\/wines.baracshop.it\/wp-content\/uploads\/2017\/01\/Tenuta-Barac-015-300x300.jpg 300w, https:\/\/wines.baracshop.it\/wp-content\/uploads\/2017\/01\/Tenuta-Barac-015-370x370.jpg 370w, https:\/\/wines.baracshop.it\/wp-content\/uploads\/2017\/01\/Tenuta-Barac-015-90x90.jpg 90w, https:\/\/wines.baracshop.it\/wp-content\/uploads\/2017\/01\/Tenuta-Barac-015.jpg 600w\" sizes=\"auto, (max-width: 150px) 100vw, 150px\" \/><\/a>\n\t\t\t<\/div><\/figure><figure class='gallery-item'>\n\t\t\t<div class='gallery-icon landscape'>\n\t\t\t\t<a href='https:\/\/wines.baracshop.it\/fr\/?attachment_id=1497'><img loading=\"lazy\" decoding=\"async\" width=\"150\" height=\"150\" src=\"https:\/\/wines.baracshop.it\/wp-content\/uploads\/2017\/01\/Tenuta-Barac-014-150x150.jpg\" class=\"attachment-thumbnail size-thumbnail\" alt=\"\" srcset=\"https:\/\/wines.baracshop.it\/wp-content\/uploads\/2017\/01\/Tenuta-Barac-014-150x150.jpg 150w, https:\/\/wines.baracshop.it\/wp-content\/uploads\/2017\/01\/Tenuta-Barac-014-100x100.jpg 100w, https:\/\/wines.baracshop.it\/wp-content\/uploads\/2017\/01\/Tenuta-Barac-014-300x300.jpg 300w, https:\/\/wines.baracshop.it\/wp-content\/uploads\/2017\/01\/Tenuta-Barac-014-370x370.jpg 370w, https:\/\/wines.baracshop.it\/wp-content\/uploads\/2017\/01\/Tenuta-Barac-014-90x90.jpg 90w, https:\/\/wines.baracshop.it\/wp-content\/uploads\/2017\/01\/Tenuta-Barac-014.jpg 600w\" sizes=\"auto, (max-width: 150px) 100vw, 150px\" \/><\/a>\n\t\t\t<\/div><\/figure>\n\t\t<\/div>\n\n<div id=\"gtx-trans\" style=\"position: absolute;left: -39px;top: 39px\">\n<div class=\"gtx-trans-icon\"><\/div>\n<\/div>","protected":false},"excerpt":{"rendered":"<p>Le coffret id\u00e9al pour un approvisionnement en Barolo DOCG Cerviano-Merli<\/p>\n<p>Le nez est intense avec des notes d'\u00e9pices, de rose fan\u00e9e et de sous-bois.<\/p>\n<p class=\"translation-block\"><strong><a href=\"https:\/\/wines.baracshop.it\/wp-content\/uploads\/2022\/07\/Certificate_DWWA2022-Barolo.pdf\" target=\"_self\">PRIX 2021\u00a0:\u00a0<\/a><a href=\"https:\/\/wines.baracshop.it\/wp-content\/uploads\/2022\/06\/Certificate_DWWA2021-Barolo.pdf\" target=\"_self\">Prix Decanter Gold \u2013 95 points<\/a><a href=\"https:\/\/wines.baracshop.it\/wp-content\/uploads\/2022\/07\/Certificate_DWWA2022-Barolo.pdf\" target=\"_self\"><br>\nPRIX 2022\u00a0:\u00a0<\/a><a href=\"https:\/\/wines.baracshop.it\/wp-content\/uploads\/2022\/07\/Certificate_DWWA2022-Barolo.pdf\" target=\"_self\">Prix Argent Decanter \u2013 92 points<\/a><\/strong><\/p>","protected":false},"featured_media":1833,"template":"","meta":[],"product_cat":[52,33],"product_tag":[88,30],"class_list":["post-1769","product","type-product","status-publish","has-post-thumbnail","hentry","product_cat-box","product_cat-red-wine","product_tag-red-wine","product_tag-wine"],"aioseo_notices":[],"_links":{"self":[{"href":"https:\/\/wines.baracshop.it\/fr\/wp-json\/wp\/v2\/product\/1769","targetHints":{"allow":["GET"]}}],"collection":[{"href":"https:\/\/wines.baracshop.it\/fr\/wp-json\/wp\/v2\/product"}],"about":[{"href":"https:\/\/wines.baracshop.it\/fr\/wp-json\/wp\/v2\/types\/product"}],"wp:featuredmedia":[{"embeddable":true,"href":"https:\/\/wines.baracshop.it\/fr\/wp-json\/wp\/v2\/media\/1833"}],"wp:attachment":[{"href":"https:\/\/wines.baracshop.it\/fr\/wp-json\/wp\/v2\/media?parent=1769"}],"wp:term":[{"taxonomy":"product_cat","embeddable":true,"href":"https:\/\/wines.baracshop.it\/fr\/wp-json\/wp\/v2\/product_cat?post=1769"},{"taxonomy":"product_tag","embeddable":true,"href":"https:\/\/wines.baracshop.it\/fr\/wp-json\/wp\/v2\/product_tag?post=1769"}],"curies":[{"name":"wp","href":"https:\/\/api.w.org\/{rel}","templated":true}]}}