{"id":1876,"date":"2024-04-24T15:19:04","date_gmt":"2024-04-24T13:19:04","guid":{"rendered":"https:\/\/wines.baracshop.it\/?post_type=product&#038;p=1876"},"modified":"2026-03-18T16:37:56","modified_gmt":"2026-03-18T15:37:56","slug":"magnum-barbaresco-docg-riserva","status":"publish","type":"product","link":"https:\/\/wines.baracshop.it\/fr\/prodotto\/magnum-barbaresco-docg-riserva\/","title":{"rendered":"Magnum Barbaresco DOCG RISERVA 2016"},"content":{"rendered":"<p class=\"p1 translation-block\"><b>Vieillissement<\/b><strong>: <\/strong>24 mois en grands f\u00fbts de ch\u00eane fran\u00e7ais.<\/p>\n<p class=\"p1 translation-block\">Notes de d\u00e9gustation\u00a0: Robe rouge grenat. Ar\u00f4me intense de violette s\u00e9ch\u00e9e, notes fruit\u00e9es de confiture, de prunes s\u00e9ch\u00e9es et de cerises. Ar\u00f4mes grill\u00e9s doux et finale balsamique. Tanins enveloppants, caract\u00e9ristiques du c\u00e9page. Bouche \u00e9l\u00e9gante et ample.<\/p>\n<p class=\"p1 translation-block\">Accords mets et vins : Viandes rouges, gibiers et fromages affin\u00e9s.<\/p>\n<p class=\"p1 translation-block\"><strong>Temp\u00e9rature id\u00e9ale de service\u00a0:<\/strong>\u00a016\u00b0 \u2013 18\u00b0<\/p>\n<p>&nbsp;<\/p>\n<div id='gallery-1' class='gallery galleryid-1876 gallery-columns-3 gallery-size-thumbnail'><figure class='gallery-item'>\n\t\t\t<div class='gallery-icon landscape'>\n\t\t\t\t<a href='https:\/\/wines.baracshop.it\/fr\/?attachment_id=1487'><img loading=\"lazy\" decoding=\"async\" width=\"150\" height=\"150\" src=\"https:\/\/wines.baracshop.it\/wp-content\/uploads\/2017\/01\/Tenuta-Barac-004-150x150.jpg\" class=\"attachment-thumbnail size-thumbnail\" alt=\"\" srcset=\"https:\/\/wines.baracshop.it\/wp-content\/uploads\/2017\/01\/Tenuta-Barac-004-150x150.jpg 150w, https:\/\/wines.baracshop.it\/wp-content\/uploads\/2017\/01\/Tenuta-Barac-004-100x100.jpg 100w, https:\/\/wines.baracshop.it\/wp-content\/uploads\/2017\/01\/Tenuta-Barac-004-300x300.jpg 300w, https:\/\/wines.baracshop.it\/wp-content\/uploads\/2017\/01\/Tenuta-Barac-004-370x370.jpg 370w, https:\/\/wines.baracshop.it\/wp-content\/uploads\/2017\/01\/Tenuta-Barac-004-90x90.jpg 90w, https:\/\/wines.baracshop.it\/wp-content\/uploads\/2017\/01\/Tenuta-Barac-004.jpg 600w\" sizes=\"auto, (max-width: 150px) 100vw, 150px\" \/><\/a>\n\t\t\t<\/div><\/figure><figure class='gallery-item'>\n\t\t\t<div class='gallery-icon landscape'>\n\t\t\t\t<a href='https:\/\/wines.baracshop.it\/fr\/?attachment_id=1497'><img loading=\"lazy\" decoding=\"async\" width=\"150\" height=\"150\" src=\"https:\/\/wines.baracshop.it\/wp-content\/uploads\/2017\/01\/Tenuta-Barac-014-150x150.jpg\" class=\"attachment-thumbnail size-thumbnail\" alt=\"\" srcset=\"https:\/\/wines.baracshop.it\/wp-content\/uploads\/2017\/01\/Tenuta-Barac-014-150x150.jpg 150w, https:\/\/wines.baracshop.it\/wp-content\/uploads\/2017\/01\/Tenuta-Barac-014-100x100.jpg 100w, https:\/\/wines.baracshop.it\/wp-content\/uploads\/2017\/01\/Tenuta-Barac-014-300x300.jpg 300w, https:\/\/wines.baracshop.it\/wp-content\/uploads\/2017\/01\/Tenuta-Barac-014-370x370.jpg 370w, https:\/\/wines.baracshop.it\/wp-content\/uploads\/2017\/01\/Tenuta-Barac-014-90x90.jpg 90w, https:\/\/wines.baracshop.it\/wp-content\/uploads\/2017\/01\/Tenuta-Barac-014.jpg 600w\" sizes=\"auto, (max-width: 150px) 100vw, 150px\" \/><\/a>\n\t\t\t<\/div><\/figure><figure class='gallery-item'>\n\t\t\t<div class='gallery-icon landscape'>\n\t\t\t\t<a href='https:\/\/wines.baracshop.it\/fr\/?attachment_id=1488'><img loading=\"lazy\" decoding=\"async\" width=\"150\" height=\"150\" src=\"https:\/\/wines.baracshop.it\/wp-content\/uploads\/2017\/01\/Tenuta-Barac-005-150x150.jpg\" class=\"attachment-thumbnail size-thumbnail\" alt=\"\" srcset=\"https:\/\/wines.baracshop.it\/wp-content\/uploads\/2017\/01\/Tenuta-Barac-005-150x150.jpg 150w, https:\/\/wines.baracshop.it\/wp-content\/uploads\/2017\/01\/Tenuta-Barac-005-100x100.jpg 100w, https:\/\/wines.baracshop.it\/wp-content\/uploads\/2017\/01\/Tenuta-Barac-005-300x300.jpg 300w, https:\/\/wines.baracshop.it\/wp-content\/uploads\/2017\/01\/Tenuta-Barac-005-370x370.jpg 370w, https:\/\/wines.baracshop.it\/wp-content\/uploads\/2017\/01\/Tenuta-Barac-005-90x90.jpg 90w, https:\/\/wines.baracshop.it\/wp-content\/uploads\/2017\/01\/Tenuta-Barac-005.jpg 600w\" sizes=\"auto, (max-width: 150px) 100vw, 150px\" \/><\/a>\n\t\t\t<\/div><\/figure>\n\t\t<\/div>","protected":false},"excerpt":{"rendered":"<p class=\"p1\">Magnum Barbaresco DOCG RISERVA 2016<\/p>\n<p class=\"p1\">Robe rouge grenat. Ar\u00f4me intense de violette s\u00e9ch\u00e9e, notes fruit\u00e9es de confiture, de prunes s\u00e9ch\u00e9es et de cerises. Ar\u00f4mes grill\u00e9s doux et finale balsamique. Tanins enveloppants, caract\u00e9ristiques du c\u00e9page. Bouche \u00e9l\u00e9gante et ample.<\/p>\n<p class=\"p1\">1500ml<\/p>","protected":false},"featured_media":1874,"template":"","meta":[],"product_cat":[35],"product_tag":[88,30],"class_list":["post-1876","product","type-product","status-publish","has-post-thumbnail","hentry","product_cat-magnum","product_tag-red-wine","product_tag-wine"],"aioseo_notices":[],"_links":{"self":[{"href":"https:\/\/wines.baracshop.it\/fr\/wp-json\/wp\/v2\/product\/1876","targetHints":{"allow":["GET"]}}],"collection":[{"href":"https:\/\/wines.baracshop.it\/fr\/wp-json\/wp\/v2\/product"}],"about":[{"href":"https:\/\/wines.baracshop.it\/fr\/wp-json\/wp\/v2\/types\/product"}],"wp:featuredmedia":[{"embeddable":true,"href":"https:\/\/wines.baracshop.it\/fr\/wp-json\/wp\/v2\/media\/1874"}],"wp:attachment":[{"href":"https:\/\/wines.baracshop.it\/fr\/wp-json\/wp\/v2\/media?parent=1876"}],"wp:term":[{"taxonomy":"product_cat","embeddable":true,"href":"https:\/\/wines.baracshop.it\/fr\/wp-json\/wp\/v2\/product_cat?post=1876"},{"taxonomy":"product_tag","embeddable":true,"href":"https:\/\/wines.baracshop.it\/fr\/wp-json\/wp\/v2\/product_tag?post=1876"}],"curies":[{"name":"wp","href":"https:\/\/api.w.org\/{rel}","templated":true}]}}