{"id":455,"date":"2017-01-03T14:10:29","date_gmt":"2017-01-03T14:10:29","guid":{"rendered":"http:\/\/luxurywine.dv.axiomthemes.com\/?post_type=product&#038;p=455"},"modified":"2026-03-18T21:31:23","modified_gmt":"2026-03-18T20:31:23","slug":"barbaresco-rocche-massalupo","status":"publish","type":"product","link":"https:\/\/wines.baracshop.it\/fr\/prodotto\/barbaresco-rocche-massalupo\/","title":{"rendered":"Barbaresco Rocche Massalupo"},"content":{"rendered":"<p class=\"p1 translation-block\">Vinification\u00a0: Les raisins Nebbiolo du Barbaresco Rocche Massalupo proviennent d'un seul vignoble s\u00e9lectionn\u00e9 pour son exposition particuli\u00e8re au soleil. Les raisins, vendang\u00e9s \u00e0 la main, sont tri\u00e9s, \u00e9grapp\u00e9s et foul\u00e9s. La fermentation et la mac\u00e9ration durent environ 10\u00a0jours en cuves inox \u00e0 une temp\u00e9rature contr\u00f4l\u00e9e entre 26 et 28\u00a0\u00b0C. Apr\u00e8s la fermentation malolactique, le vin est \u00e9lev\u00e9 12\u00a0mois en f\u00fbts de ch\u00eane. Il poursuit ensuite son vieillissement en bouteille, o\u00f9 il compl\u00e8tera sa maturation.<\/p>\n<p class=\"p1\"><strong>Organoleptic characteristics:<\/strong>\u00a0Ruby red colour with garnet red shades. Intense bouquet with predominant hints of dried violets, ripe cherries and tobacco. Enveloping and elegant tannin, characteristic of the grape variety. Full and persistent taste.<\/p>\n<p class=\"p1 translation-block\">Accords mets et vins : viandes rouges, gibiers et fromages moyennement affin\u00e9s.<\/p>\n<p class=\"p1 translation-block\"><strong>Temp\u00e9rature id\u00e9ale de service\u00a0:<\/strong> 16\u00b0 \u2013 18\u00b0<\/p>\n<p><strong><a href=\"https:\/\/wines.baracshop.it\/wp-content\/uploads\/2022\/07\/Certificate_DWWA2021-Barbaresco.pdf\">\u00a0AWARD 2019: <\/a><a href=\"https:\/\/wines.baracshop.it\/wp-content\/uploads\/2022\/06\/Certificate_DWWA2019.pdf\">Decanter Silver Award &#8211; 94 points<\/a><a href=\"https:\/\/wines.baracshop.it\/wp-content\/uploads\/2022\/07\/Certificate_DWWA2021-Barbaresco.pdf\"><br \/>\nAWARD 2020: <\/a><a href=\"https:\/\/wines.baracshop.it\/wp-content\/uploads\/2022\/07\/Certificate_DWWA2020.pdf\">Bronze Award Decanter &#8211; 88 points<\/a><a href=\"https:\/\/wines.baracshop.it\/wp-content\/uploads\/2022\/07\/Certificate_DWWA2021-Barbaresco.pdf\"><br \/>\nAWARD 2021: <\/a><a href=\"https:\/\/wines.baracshop.it\/wp-content\/uploads\/2022\/07\/Certificate_DWWA2021-Barbaresco.pdf\">Bronze Award Decanter &#8211; 89 points<\/a><\/strong><\/p>\n<p>&nbsp;<\/p>\n<div id='gallery-1' class='gallery galleryid-455 gallery-columns-3 gallery-size-thumbnail'><figure class='gallery-item'>\n\t\t\t<div class='gallery-icon landscape'>\n\t\t\t\t<a href='https:\/\/wines.baracshop.it\/fr\/?attachment_id=1497'><img loading=\"lazy\" decoding=\"async\" width=\"150\" height=\"150\" src=\"https:\/\/wines.baracshop.it\/wp-content\/uploads\/2017\/01\/Tenuta-Barac-014-150x150.jpg\" class=\"attachment-thumbnail size-thumbnail\" alt=\"\" srcset=\"https:\/\/wines.baracshop.it\/wp-content\/uploads\/2017\/01\/Tenuta-Barac-014-150x150.jpg 150w, https:\/\/wines.baracshop.it\/wp-content\/uploads\/2017\/01\/Tenuta-Barac-014-100x100.jpg 100w, https:\/\/wines.baracshop.it\/wp-content\/uploads\/2017\/01\/Tenuta-Barac-014-300x300.jpg 300w, https:\/\/wines.baracshop.it\/wp-content\/uploads\/2017\/01\/Tenuta-Barac-014-370x370.jpg 370w, https:\/\/wines.baracshop.it\/wp-content\/uploads\/2017\/01\/Tenuta-Barac-014-90x90.jpg 90w, https:\/\/wines.baracshop.it\/wp-content\/uploads\/2017\/01\/Tenuta-Barac-014.jpg 600w\" sizes=\"auto, (max-width: 150px) 100vw, 150px\" \/><\/a>\n\t\t\t<\/div><\/figure><figure class='gallery-item'>\n\t\t\t<div class='gallery-icon landscape'>\n\t\t\t\t<a href='https:\/\/wines.baracshop.it\/fr\/?attachment_id=1495'><img loading=\"lazy\" decoding=\"async\" width=\"150\" height=\"150\" src=\"https:\/\/wines.baracshop.it\/wp-content\/uploads\/2017\/01\/Tenuta-Barac-012-150x150.jpg\" class=\"attachment-thumbnail size-thumbnail\" alt=\"\" srcset=\"https:\/\/wines.baracshop.it\/wp-content\/uploads\/2017\/01\/Tenuta-Barac-012-150x150.jpg 150w, https:\/\/wines.baracshop.it\/wp-content\/uploads\/2017\/01\/Tenuta-Barac-012-100x100.jpg 100w, https:\/\/wines.baracshop.it\/wp-content\/uploads\/2017\/01\/Tenuta-Barac-012-300x300.jpg 300w, https:\/\/wines.baracshop.it\/wp-content\/uploads\/2017\/01\/Tenuta-Barac-012-370x370.jpg 370w, https:\/\/wines.baracshop.it\/wp-content\/uploads\/2017\/01\/Tenuta-Barac-012-90x90.jpg 90w, https:\/\/wines.baracshop.it\/wp-content\/uploads\/2017\/01\/Tenuta-Barac-012.jpg 600w\" sizes=\"auto, (max-width: 150px) 100vw, 150px\" \/><\/a>\n\t\t\t<\/div><\/figure><figure class='gallery-item'>\n\t\t\t<div class='gallery-icon landscape'>\n\t\t\t\t<a href='https:\/\/wines.baracshop.it\/fr\/?attachment_id=1487'><img loading=\"lazy\" decoding=\"async\" width=\"150\" height=\"150\" src=\"https:\/\/wines.baracshop.it\/wp-content\/uploads\/2017\/01\/Tenuta-Barac-004-150x150.jpg\" class=\"attachment-thumbnail size-thumbnail\" alt=\"\" srcset=\"https:\/\/wines.baracshop.it\/wp-content\/uploads\/2017\/01\/Tenuta-Barac-004-150x150.jpg 150w, https:\/\/wines.baracshop.it\/wp-content\/uploads\/2017\/01\/Tenuta-Barac-004-100x100.jpg 100w, https:\/\/wines.baracshop.it\/wp-content\/uploads\/2017\/01\/Tenuta-Barac-004-300x300.jpg 300w, https:\/\/wines.baracshop.it\/wp-content\/uploads\/2017\/01\/Tenuta-Barac-004-370x370.jpg 370w, https:\/\/wines.baracshop.it\/wp-content\/uploads\/2017\/01\/Tenuta-Barac-004-90x90.jpg 90w, https:\/\/wines.baracshop.it\/wp-content\/uploads\/2017\/01\/Tenuta-Barac-004.jpg 600w\" sizes=\"auto, (max-width: 150px) 100vw, 150px\" \/><\/a>\n\t\t\t<\/div><\/figure>\n\t\t<\/div>","protected":false},"excerpt":{"rendered":"<p class=\"p1\">Les raisins Nebbiolo du Barbaresco Rocche Massalupo proviennent d'un seul vignoble s\u00e9lectionn\u00e9 pour son exposition particuli\u00e8re au soleil.<\/p>\n<p class=\"translation-block\"><strong>AWARD 2019: <a href=\"https:\/\/wines.baracshop.it\/wp-content\/uploads\/2022\/06\/Certificate_DWWA2019.pdf\" target=\"_self\">Decanter Silver Award \u2013 94 points<\/a><br>\r\n<\/strong><strong>AWARD 2020: <a href=\"https:\/\/wines.baracshop.it\/wp-content\/uploads\/2022\/07\/Certificate_DWWA2020.pdf\" target=\"_self\">Bronze Award Decanter \u2013 88 points<\/a><br>\r\n<\/strong><strong>AWARD 2021: <a href=\"https:\/\/wines.baracshop.it\/wp-content\/uploads\/2022\/07\/Certificate_DWWA2021-Barbaresco.pdf\" target=\"_self\">Bronze Award Decanter \u2013 89 points<\/a><\/strong><\/p>\n<p>&nbsp;<\/p>","protected":false},"featured_media":1884,"template":"","meta":[],"product_cat":[33],"product_tag":[88,30],"class_list":["post-455","product","type-product","status-publish","has-post-thumbnail","hentry","product_cat-red-wine","product_tag-red-wine","product_tag-wine"],"aioseo_notices":[],"_links":{"self":[{"href":"https:\/\/wines.baracshop.it\/fr\/wp-json\/wp\/v2\/product\/455","targetHints":{"allow":["GET"]}}],"collection":[{"href":"https:\/\/wines.baracshop.it\/fr\/wp-json\/wp\/v2\/product"}],"about":[{"href":"https:\/\/wines.baracshop.it\/fr\/wp-json\/wp\/v2\/types\/product"}],"wp:featuredmedia":[{"embeddable":true,"href":"https:\/\/wines.baracshop.it\/fr\/wp-json\/wp\/v2\/media\/1884"}],"wp:attachment":[{"href":"https:\/\/wines.baracshop.it\/fr\/wp-json\/wp\/v2\/media?parent=455"}],"wp:term":[{"taxonomy":"product_cat","embeddable":true,"href":"https:\/\/wines.baracshop.it\/fr\/wp-json\/wp\/v2\/product_cat?post=455"},{"taxonomy":"product_tag","embeddable":true,"href":"https:\/\/wines.baracshop.it\/fr\/wp-json\/wp\/v2\/product_tag?post=455"}],"curies":[{"name":"wp","href":"https:\/\/api.w.org\/{rel}","templated":true}]}}